{"id":68,"date":"2024-10-25T11:11:27","date_gmt":"2024-10-25T09:11:27","guid":{"rendered":"https:\/\/c2l.testald.dk:4430\/?page_id=68"},"modified":"2025-08-14T16:05:02","modified_gmt":"2025-08-14T14:05:02","slug":"c2l-for-labs","status":"publish","type":"page","link":"https:\/\/clinic2lab.dk\/da\/c2l-for-labs\/","title":{"rendered":"C2L TIL LAB"},"content":{"rendered":"<div class=\"wp-block-group alignfull has-ast-global-color-5-background-color has-background is-layout-constrained wp-block-group-is-layout-constrained\" id=\"about\" style=\"padding-top:143px;padding-bottom:144px\">\n<div class=\"wp-block-media-text has-media-on-the-right is-stacked-on-mobile is-vertically-aligned-center\"><div class=\"wp-block-media-text__content\">\n<div class=\"inherit-container-width wp-block-group is-layout-constrained wp-container-core-group-is-layout-1 wp-block-group-is-layout-constrained\" style=\"padding-right:80px\">\n<h2 class=\"wp-block-heading\" style=\"padding-right:40px\">Problemfrit samarbejde med tandklinikker<\/h2>\n\n\n\n<p>Clinic2Lab er en specialudviklet onlineplatform, der er designet til at forbedre samarbejdet mellem tandklinikker og protetiklaboratorier.<\/p>\n\n\n\n<p>Med en digitaliseret ordreproces minimeres fejl, og m\u00e6ngden af manuelt arbejde for b\u00e5de tandklinikker og laboratorier reduceres betydeligt. <\/p>\n\n\n\n<div style=\"height:31px\" aria-hidden=\"true\" class=\"wp-block-spacer\"><\/div>\n<\/div>\n\n\n\n<div class=\"wp-block-buttons is-layout-flex wp-block-buttons-is-layout-flex\">\n<div class=\"wp-block-button\"><a class=\"wp-block-button__link has-ast-global-color-5-color has-ast-global-color-3-background-color has-text-color has-background has-link-color wp-element-button\" href=\"#fast-contact\">Kontakt C2L<\/a><\/div>\n<\/div>\n<\/div><figure class=\"wp-block-media-text__media\"><img decoding=\"async\" src=\"https:\/\/clinic2lab.dk\/wp-content\/uploads\/2024\/10\/1-1024x819.jpg\" alt=\"\" class=\"wp-image-210 size-full\"\/><\/figure><\/div>\n<\/div>\n\n\n\n<div class=\"wp-block-group alignfull has-ast-global-color-6-background-color has-background is-layout-constrained wp-container-core-group-is-layout-3 wp-block-group-is-layout-constrained\" id=\"features\" style=\"padding-bottom:0px\">\n<h2 class=\"wp-block-heading has-text-align-center has-ast-global-color-2-color has-text-color has-link-color wp-elements-7c3672794e3eb83dcbab24ce1537f3d2\">Let og effektivt samarbejde<\/h2>\n\n\n\n<p class=\"has-text-align-center has-ast-global-color-2-color has-text-color has-link-color wp-elements-214fac3cab6a41ea076e4e14bda5dddc\" style=\"font-size:20px\">Ved at bruge Clinic2Lab i dit protetiklaboratorium f\u00e5r du flere fordele til gavn for dine medarbejdere, dine tandklinikkunder og i sidste ende patienterne. Ved at digitalisere det daglige samarbejde mellem tandklinikker og dit laboratorium f\u00e5r du:<\/p>\n\n\n\n<div style=\"height:13px\" aria-hidden=\"true\" class=\"wp-block-spacer\"><\/div>\n\n\n\n<div class=\"wp-block-columns are-vertically-aligned-top is-layout-flex wp-container-core-columns-is-layout-1 wp-block-columns-is-layout-flex\">\n<div class=\"wp-block-column is-vertically-aligned-top is-layout-flow wp-container-core-column-is-layout-1 wp-block-column-is-layout-flow\">\n<figure class=\"wp-block-image size-full is-resized\"><img decoding=\"async\" src=\"https:\/\/clinic2lab.dk\/wp-content\/uploads\/2024\/10\/1.png\" alt=\"\" class=\"wp-image-86\" style=\"width:56px;height:auto\"\/><\/figure>\n\n\n\n<h3 class=\"wp-block-heading has-text-align-left\" style=\"margin-top:16px\">Online bestillingsformularer<\/h3>\n\n\n\n<p class=\"has-text-align-left\">Effektiviserer og minimerer manuelt arbejde p\u00e5 en b\u00e6redygtig m\u00e5de.<\/p>\n<\/div>\n\n\n\n<div class=\"wp-block-column is-vertically-aligned-top is-layout-flow wp-container-core-column-is-layout-2 wp-block-column-is-layout-flow\">\n<figure class=\"wp-block-image size-full is-resized\"><img decoding=\"async\" src=\"https:\/\/clinic2lab.dk\/wp-content\/uploads\/2024\/10\/2.png\" alt=\"\" class=\"wp-image-87\" style=\"width:55px;height:auto\"\/><\/figure>\n\n\n\n<h3 class=\"wp-block-heading has-text-align-left\" style=\"margin-top:16px\">Digital oprettelse af ordrer<\/h3>\n\n\n\n<p class=\"has-text-align-left\">Opret ordren direkte i systemet - det er nemt og ligetil.<\/p>\n<\/div>\n\n\n\n<div class=\"wp-block-column is-vertically-aligned-top is-layout-flow wp-container-core-column-is-layout-3 wp-block-column-is-layout-flow\">\n<figure class=\"wp-block-image size-full is-resized\"><img decoding=\"async\" src=\"https:\/\/clinic2lab.dk\/wp-content\/uploads\/2024\/10\/3.png\" alt=\"\" class=\"wp-image-88\" style=\"width:55px;height:auto\"\/><\/figure>\n\n\n\n<h3 class=\"wp-block-heading has-text-align-left\" style=\"margin-top:16px\">Track and trace i realtid<\/h3>\n\n\n\n<p class=\"has-text-align-left\">F\u00f8lg ordren fra start til slut, og f\u00e5 besked, n\u00e5r den er p\u00e5 vej.<\/p>\n<\/div>\n\n\n\n<div class=\"wp-block-column is-vertically-aligned-top is-layout-flow wp-container-core-column-is-layout-4 wp-block-column-is-layout-flow\">\n<figure class=\"wp-block-image size-full is-resized\"><img decoding=\"async\" src=\"https:\/\/clinic2lab.dk\/wp-content\/uploads\/2024\/10\/4.png\" alt=\"\" class=\"wp-image-89\" style=\"width:52px;height:auto\"\/><\/figure>\n\n\n\n<h3 class=\"wp-block-heading has-text-align-left\" style=\"margin-top:16px\">Direkte kommunikation<\/h3>\n\n\n\n<p class=\"has-text-align-left\">Nem udveksling af beskeder mellem klinikken og laboratoriet.<\/p>\n<\/div>\n<\/div>\n\n\n\n<div style=\"height:18px\" aria-hidden=\"true\" class=\"wp-block-spacer\"><\/div>\n\n\n\n<div class=\"wp-block-columns are-vertically-aligned-top is-layout-flex wp-container-core-columns-is-layout-2 wp-block-columns-is-layout-flex\">\n<div class=\"wp-block-column is-vertically-aligned-top is-layout-flow wp-container-core-column-is-layout-5 wp-block-column-is-layout-flow\">\n<figure class=\"wp-block-image size-full is-resized\"><img decoding=\"async\" src=\"https:\/\/clinic2lab.dk\/wp-content\/uploads\/2024\/10\/5-1.png\" alt=\"\" class=\"wp-image-187\" style=\"width:56px;height:auto\"\/><\/figure>\n\n\n\n<h3 class=\"wp-block-heading has-text-align-left\" style=\"margin-top:16px\">Datasikkerhed og compliance<\/h3>\n\n\n\n<p class=\"has-text-align-left\">Systemet overholder g\u00e6ldende lovkrav og GDPR<\/p>\n<\/div>\n\n\n\n<div class=\"wp-block-column is-vertically-aligned-top is-layout-flow wp-container-core-column-is-layout-6 wp-block-column-is-layout-flow\">\n<figure class=\"wp-block-image size-full is-resized\"><img decoding=\"async\" src=\"https:\/\/clinic2lab.dk\/wp-content\/uploads\/2024\/10\/6-1.png\" alt=\"\" class=\"wp-image-188\" style=\"width:55px;height:auto\"\/><\/figure>\n\n\n\n<h3 class=\"wp-block-heading has-text-align-left\" style=\"margin-top:16px\">Integration af regnskabssystemer<\/h3>\n\n\n\n<p class=\"has-text-align-left\">Sikrer en effektiv og problemfri fakturerings- og regnskabsproces.<\/p>\n<\/div>\n\n\n\n<div class=\"wp-block-column is-vertically-aligned-top is-layout-flow wp-container-core-column-is-layout-7 wp-block-column-is-layout-flow\">\n<h3 class=\"wp-block-heading has-text-align-left\" style=\"margin-top:16px\"><\/h3>\n\n\n\n<p class=\"has-text-align-left\"><\/p>\n<\/div>\n\n\n\n<div class=\"wp-block-column is-vertically-aligned-top is-layout-flow wp-container-core-column-is-layout-8 wp-block-column-is-layout-flow\">\n<h3 class=\"wp-block-heading has-text-align-left\" style=\"margin-top:16px\"><\/h3>\n\n\n\n<p class=\"has-text-align-left\"><\/p>\n<\/div>\n<\/div>\n\n\n\n<div style=\"height:76px\" aria-hidden=\"true\" class=\"wp-block-spacer\"><\/div>\n<\/div>\n\n\n\n<div class=\"wp-block-nk-awb nk-awb alignfull nk-awb-fullheight nk-awb-content-valign-center\"><div class=\"nk-awb-wrap\" style=\"background:#3c8cc985\" data-awb-type=\"yt_vm_video\" data-awb-video=\"https:\/\/youtu.be\/RtQYGWXu7AE\" data-awb-video-always-play=\"true\" data-awb-video-mobile=\"true\" data-awb-parallax=\"scroll\" data-awb-parallax-speed=\"0\" data-awb-parallax-mobile=\"false\"><div class=\"nk-awb-overlay\" style=\"background: #3c8cc985;\"><\/div><div class=\"nk-awb-inner\"><\/div><\/div><div class=\"nk-awb-wrap-content is-layout-flow wp-block-awb-is-layout-flow\">\n\n<h1 class=\"wp-block-heading has-text-align-center has-ast-global-color-5-color has-text-color has-link-color wp-elements-65a486928cfd053ce782bbb207102a34\" style=\"font-size:56px\">CLINIC2LAB<\/h1>\n\n\n<p class=\"has-text-align-center has-ast-global-color-5-color has-text-color has-link-color has-x-large-font-size wp-elements-b554d99b9d9ef074b04341ab99e5921e\">Digitalt bindeled mellem klinik og lab<\/p>\n\n<\/div><\/div>\n\n\n\n<div class=\"wp-block-columns is-layout-flex wp-container-core-columns-is-layout-3 wp-block-columns-is-layout-flex\">\n<div class=\"wp-block-column is-layout-flow wp-block-column-is-layout-flow\" style=\"flex-basis:100%\">\n<div class=\"wp-block-group alignfull has-ast-global-color-5-background-color has-background is-layout-constrained wp-container-core-group-is-layout-4 wp-block-group-is-layout-constrained\" id=\"reviews\">\n<div style=\"height:5px\" aria-hidden=\"true\" class=\"wp-block-spacer\"><\/div>\n\n\n\n<figure class=\"wp-block-image aligncenter size-full is-resized is-style-rounded\"><img loading=\"lazy\" decoding=\"async\" width=\"64\" height=\"64\" src=\"https:\/\/clinic2lab.dk\/wp-content\/uploads\/2024\/10\/64x64px-template.jpg\" alt=\"\" class=\"wp-image-108\" style=\"object-fit:cover;width:154px;height:auto\"\/><\/figure>\n\n\n\n<p class=\"has-text-align-center\" style=\"font-size:22px;line-height:1.6\">\"Jeg kan slet ikke forestille mig ikke at have Clinic2Lab som en del af mine daglige opgaver i klinikken. Takket v\u00e6re systemet er jeg ikke l\u00e6ngere afh\u00e6ngig af manuelle processer og mine egne fortolkninger af h\u00e5ndskrevne bestillingssedler.\"<\/p>\n\n\n\n<p class=\"has-text-align-center\"><strong>Ann Hentze<\/strong><br>Klinisk assistent, Tandl\u00e6geklinikken Blomstervang<\/p>\n\n\n\n<div style=\"height:12px\" aria-hidden=\"true\" class=\"wp-block-spacer\"><\/div>\n<\/div>\n<\/div>\n<\/div>\n\n\n\n<div class=\"wp-block-group alignfull has-ast-global-color-2-color has-ast-global-color-6-background-color has-text-color has-background has-link-color wp-elements-f55c505e59450947a2c12cc926f9bbdb is-layout-constrained wp-container-core-group-is-layout-5 wp-block-group-is-layout-constrained\" id=\"contact\" style=\"padding-top:104px;padding-bottom:104px\">\n<h2 class=\"wp-block-heading has-text-align-center has-ast-global-color-2-color has-text-color\" id=\"fast-contact\">Kontakt Clinic2Lab<\/h2>\n\n\n\n<p class=\"has-text-align-center has-ast-global-color-2-color has-text-color has-link-color wp-elements-3917636b6499d812a77c3ae1271e8b6a\">Vil du vide mere om Clinic2Lab og fordelene for dig og din organisation? Udfyld kontaktformularen nedenfor, s\u00e5 vender vi tilbage til dig!<\/p>\n\n\n\n<div class=\"wp-block-contact-form-7-contact-form-selector\">\n<div class=\"wpcf7 no-js\" id=\"wpcf7-f117-o1\" lang=\"en-US\" dir=\"ltr\" data-wpcf7-id=\"117\">\n<div class=\"screen-reader-response\"><p role=\"status\" aria-live=\"polite\" aria-atomic=\"true\"><\/p> <ul><\/ul><\/div>\n<form action=\"\/da\/wp-json\/wp\/v2\/pages\/68#wpcf7-f117-o1\" method=\"post\" class=\"wpcf7-form init\" aria-label=\"Kontaktformular\" novalidate=\"novalidate\" data-status=\"init\" data-trp-original-action=\"\/da\/wp-json\/wp\/v2\/pages\/68#wpcf7-f117-o1\">\n<fieldset class=\"hidden-fields-container\"><input type=\"hidden\" name=\"_wpcf7\" value=\"117\" \/><input type=\"hidden\" name=\"_wpcf7_version\" value=\"6.1.5\" \/><input type=\"hidden\" name=\"_wpcf7_locale\" value=\"en_US\" \/><input type=\"hidden\" name=\"_wpcf7_unit_tag\" value=\"wpcf7-f117-o1\" \/><input type=\"hidden\" name=\"_wpcf7_container_post\" value=\"0\" \/><input type=\"hidden\" name=\"_wpcf7_posted_data_hash\" value=\"\" \/>\n<\/fieldset>\n<div class=\"wpcf7-turnstile cf-turnstile\" data-sitekey=\"0x4AAAAAABo7lurnF2LrFr6e\" data-response-field-name=\"_wpcf7_turnstile_response\"><\/div>\n\n<p><label> Dit navn<br \/>\n<span class=\"wpcf7-form-control-wrap\" data-name=\"your-name\"><input size=\"40\" maxlength=\"400\" class=\"wpcf7-form-control wpcf7-text wpcf7-validates-as-required\" autocomplete=\"name\" aria-required=\"true\" aria-invalid=\"false\" value=\"\" type=\"text\" name=\"your-name\" \/><\/span> <\/label>\n<\/p>\n<p><label> Din e-mail<br \/>\n<span class=\"wpcf7-form-control-wrap\" data-name=\"your-email\"><input size=\"40\" maxlength=\"400\" class=\"wpcf7-form-control wpcf7-email wpcf7-validates-as-required wpcf7-text wpcf7-validates-as-email\" autocomplete=\"email\" aria-required=\"true\" aria-invalid=\"false\" value=\"\" type=\"email\" name=\"your-email\" \/><\/span> <\/label>\n<\/p>\n<p><label> Emne<br \/>\n<span class=\"wpcf7-form-control-wrap\" data-name=\"your-subject\"><input size=\"40\" maxlength=\"400\" class=\"wpcf7-form-control wpcf7-text wpcf7-validates-as-required\" aria-required=\"true\" aria-invalid=\"false\" value=\"\" type=\"text\" name=\"your-subject\" \/><\/span> <\/label>\n<\/p>\n<p><label> Din besked (valgfri)<br \/>\n<span class=\"wpcf7-form-control-wrap\" data-name=\"your-message\"><textarea cols=\"40\" rows=\"10\" maxlength=\"2000\" class=\"wpcf7-form-control wpcf7-textarea\" aria-invalid=\"false\" name=\"your-message\"><\/textarea><\/span> <\/label>\n<\/p>\n<p><input class=\"wpcf7-form-control wpcf7-submit has-spinner\" type=\"submit\" value=\"Send\" \/>\n<\/p><div class=\"wpcf7-response-output\" aria-hidden=\"true\"><\/div>\n<input type=\"hidden\" name=\"trp-form-language\" value=\"da\"\/><\/form>\n<\/div>\n<\/div>\n<\/div>","protected":false},"excerpt":{"rendered":"<p>Seamless cooperation with dental clinics Clinic2Lab is a specially developed online platform that is designed to enhance collaboration between dental [&hellip;]<\/p>\n","protected":false},"author":1,"featured_media":0,"parent":0,"menu_order":0,"comment_status":"closed","ping_status":"closed","template":"","meta":{"om_disable_all_campaigns":false,"site-sidebar-layout":"default","site-content-layout":"","ast-site-content-layout":"","site-content-style":"default","site-sidebar-style":"default","ast-global-header-display":"","ast-banner-title-visibility":"","ast-main-header-display":"","ast-hfb-above-header-display":"","ast-hfb-below-header-display":"","ast-hfb-mobile-header-display":"","site-post-title":"disabled","ast-breadcrumbs-content":"","ast-featured-img":"","footer-sml-layout":"","theme-transparent-header-meta":"","adv-header-id-meta":"","stick-header-meta":"","header-above-stick-meta":"","header-main-stick-meta":"","header-below-stick-meta":"","astra-migrate-meta-layouts":"default","ast-page-background-enabled":"default","ast-page-background-meta":{"desktop":{"background-color":"var(--ast-global-color-4)","background-image":"","background-repeat":"repeat","background-position":"center center","background-size":"auto","background-attachment":"scroll","background-type":"","background-media":"","overlay-type":"","overlay-color":"","overlay-opacity":"","overlay-gradient":""},"tablet":{"background-color":"","background-image":"","background-repeat":"repeat","background-position":"center center","background-size":"auto","background-attachment":"scroll","background-type":"","background-media":"","overlay-type":"","overlay-color":"","overlay-opacity":"","overlay-gradient":""},"mobile":{"background-color":"","background-image":"","background-repeat":"repeat","background-position":"center center","background-size":"auto","background-attachment":"scroll","background-type":"","background-media":"","overlay-type":"","overlay-color":"","overlay-opacity":"","overlay-gradient":""}},"ast-content-background-meta":{"desktop":{"background-color":"var(--ast-global-color-5)","background-image":"","background-repeat":"repeat","background-position":"center center","background-size":"auto","background-attachment":"scroll","background-type":"","background-media":"","overlay-type":"","overlay-color":"","overlay-opacity":"","overlay-gradient":""},"tablet":{"background-color":"var(--ast-global-color-5)","background-image":"","background-repeat":"repeat","background-position":"center center","background-size":"auto","background-attachment":"scroll","background-type":"","background-media":"","overlay-type":"","overlay-color":"","overlay-opacity":"","overlay-gradient":""},"mobile":{"background-color":"var(--ast-global-color-5)","background-image":"","background-repeat":"repeat","background-position":"center center","background-size":"auto","background-attachment":"scroll","background-type":"","background-media":"","overlay-type":"","overlay-color":"","overlay-opacity":"","overlay-gradient":""}},"footnotes":""},"class_list":["post-68","page","type-page","status-publish","hentry"],"_links":{"self":[{"href":"https:\/\/clinic2lab.dk\/da\/wp-json\/wp\/v2\/pages\/68","targetHints":{"allow":["GET"]}}],"collection":[{"href":"https:\/\/clinic2lab.dk\/da\/wp-json\/wp\/v2\/pages"}],"about":[{"href":"https:\/\/clinic2lab.dk\/da\/wp-json\/wp\/v2\/types\/page"}],"author":[{"embeddable":true,"href":"https:\/\/clinic2lab.dk\/da\/wp-json\/wp\/v2\/users\/1"}],"replies":[{"embeddable":true,"href":"https:\/\/clinic2lab.dk\/da\/wp-json\/wp\/v2\/comments?post=68"}],"version-history":[{"count":55,"href":"https:\/\/clinic2lab.dk\/da\/wp-json\/wp\/v2\/pages\/68\/revisions"}],"predecessor-version":[{"id":2974,"href":"https:\/\/clinic2lab.dk\/da\/wp-json\/wp\/v2\/pages\/68\/revisions\/2974"}],"wp:attachment":[{"href":"https:\/\/clinic2lab.dk\/da\/wp-json\/wp\/v2\/media?parent=68"}],"curies":[{"name":"wp","href":"https:\/\/api.w.org\/{rel}","templated":true}]}}