{"id":2383,"date":"2025-07-26T15:51:11","date_gmt":"2025-07-26T13:51:11","guid":{"rendered":"https:\/\/clinic2lab.dk\/?page_id=2383"},"modified":"2025-08-14T16:14:55","modified_gmt":"2025-08-14T14:14:55","slug":"pricing","status":"publish","type":"page","link":"https:\/\/clinic2lab.dk\/de\/pricing\/","title":{"rendered":"PREISE"},"content":{"rendered":"<div class=\"wp-block-group alignfull has-ast-global-color-6-background-color has-background is-layout-constrained wp-block-group-is-layout-constrained\" id=\"about\" style=\"padding-top:143px;padding-bottom:144px\">\n<div class=\"wp-block-media-text is-stacked-on-mobile is-vertically-aligned-center is-image-fill-element\"><figure class=\"wp-block-media-text__media\"><img loading=\"lazy\" decoding=\"async\" width=\"1024\" height=\"683\" src=\"https:\/\/clinic2lab.dk\/wp-content\/uploads\/2025\/04\/S5A7633-2-1024x683.jpg\" alt=\"\" class=\"wp-image-992 size-full\" style=\"object-position:50% 50%\" srcset=\"https:\/\/clinic2lab.dk\/wp-content\/uploads\/2025\/04\/S5A7633-2-1024x683.jpg 1024w, https:\/\/clinic2lab.dk\/wp-content\/uploads\/2025\/04\/S5A7633-2-300x200.jpg 300w, https:\/\/clinic2lab.dk\/wp-content\/uploads\/2025\/04\/S5A7633-2-768x512.jpg 768w, https:\/\/clinic2lab.dk\/wp-content\/uploads\/2025\/04\/S5A7633-2-1536x1024.jpg 1536w, https:\/\/clinic2lab.dk\/wp-content\/uploads\/2025\/04\/S5A7633-2-2048x1365.jpg 2048w, https:\/\/clinic2lab.dk\/wp-content\/uploads\/2025\/04\/S5A7633-2-18x12.jpg 18w, https:\/\/clinic2lab.dk\/wp-content\/uploads\/2025\/04\/S5A7633-2-500x333.jpg 500w, https:\/\/clinic2lab.dk\/wp-content\/uploads\/2025\/04\/S5A7633-2-800x533.jpg 800w, https:\/\/clinic2lab.dk\/wp-content\/uploads\/2025\/04\/S5A7633-2-1280x853.jpg 1280w, https:\/\/clinic2lab.dk\/wp-content\/uploads\/2025\/04\/S5A7633-2-1920x1280.jpg 1920w\" sizes=\"auto, (max-width: 1024px) 100vw, 1024px\" \/><\/figure><div class=\"wp-block-media-text__content\">\n<div class=\"inherit-container-width wp-block-group is-layout-constrained wp-container-core-group-is-layout-1 wp-block-group-is-layout-constrained\" style=\"padding-right:80px\">\n<h2 class=\"wp-block-heading has-text-align-left\" style=\"padding-right:40px\">Preisgestaltung<\/h2>\n\n\n\n<p class=\"has-text-align-left\">Clinic2Lab bietet ein flexibles Preismodell, das auf die Gr\u00f6\u00dfe und den Workflow Ihres Dentallabors abgestimmt ist. <br><br>Unabh\u00e4ngig davon, ob Sie ein Ein-Personen-Unternehmen oder einen Betrieb mit hohem Volumen f\u00fchren, bieten wir skalierbare L\u00f6sungen, die mit Ihrem Unternehmen wachsen.<\/p>\n\n\n\n<div style=\"height:12px\" aria-hidden=\"true\" class=\"wp-block-spacer\"><\/div>\n\n\n\n<div class=\"wp-block-buttons is-content-justification-left is-layout-flex wp-container-core-buttons-is-layout-1 wp-block-buttons-is-layout-flex\">\n<div class=\"wp-block-button\"><a class=\"wp-block-button__link wp-element-button\" href=\"#form\">Kontakt C2L<\/a><\/div>\n<\/div>\n<\/div>\n<\/div><\/div>\n<\/div>\n\n\n\n<div class=\"wp-block-group alignfull is-layout-constrained wp-block-group-is-layout-constrained\">\n<h2 class=\"wp-block-heading has-text-align-left\">Preispl\u00e4ne<\/h2>\n\n\n\n<p class=\"has-text-align-left\">W\u00e4hlen Sie zwischen unseren Lite-, Core- oder Pro-Pl\u00e4nen und f\u00fcgen Sie optionale Funktionen wie ERP-Systemintegration, Statistiken oder Kurierintegration hinzu. Auf diese Weise zahlen Sie nur f\u00fcr das, was Sie tats\u00e4chlich ben\u00f6tigen. <br><br>Sie brauchen etwas Besonderes? Wir stellen Ihnen gerne einen ma\u00dfgeschneiderten Plan zusammen. F\u00fcr weitere Informationen und Preise kontaktieren Sie uns bitte.<\/p>\n\n\n\n<div style=\"height:29px\" aria-hidden=\"true\" class=\"wp-block-spacer\"><\/div>\n\n\n\n<div class=\"wp-block-columns alignwide is-layout-flex wp-container-core-columns-is-layout-1 wp-block-columns-is-layout-flex\" style=\"margin-bottom:0\">\n<div class=\"wp-block-column has-ast-global-color-6-background-color has-text-color has-background has-link-color wp-elements-08e5d94a2c6b96fdd868fe967174d5fb is-layout-flow wp-block-column-is-layout-flow\" style=\"color:#000000;padding-top:2em;padding-right:2em;padding-bottom:2em;padding-left:2em\">\n<h2 class=\"wp-block-heading has-text-align-center\" id=\"single\" style=\"font-size:40px\"><strong>LITE<\/strong><\/h2>\n\n\n\n<p class=\"has-text-align-center has-ast-global-color-8-color has-text-color has-link-color has-normal-font-size wp-elements-6f7d66bcd8e956b7d02e5ccff34ff78a\" style=\"line-height:1.5\"><strong>Geeignet f\u00fcr kleine Laboratorien.<\/strong><\/p>\n\n\n\n<hr class=\"wp-block-separator has-text-color has-css-opacity has-background is-style-default\" style=\"background-color:#000000;color:#000000\"\/>\n\n\n\n<ul class=\"wp-block-list has-normal-font-size\">\n<li>Bis zu<strong> 100<\/strong> Auftr\u00e4ge pro Monat<\/li>\n\n\n\n<li class=\"has-ast-global-color-8-color has-text-color has-link-color wp-elements-be5ee5f9595fc035069d81b4329bba79\"><strong>1 <\/strong>Benutzer<\/li>\n\n\n\n<li class=\"has-ast-global-color-8-color has-text-color has-link-color wp-elements-09427f9029776b6a71e596e8368941f0\"><strong>50<\/strong> aktive Zahnkliniken<\/li>\n\n\n\n<li class=\"has-ast-global-color-8-color has-text-color has-link-color wp-elements-3912b54ca12f74f0297d231792d0e3cf\"><strong>1<\/strong> externes Produktionslabor<\/li>\n\n\n\n<li class=\"has-cyan-bluish-gray-color has-text-color has-link-color wp-elements-32c575c97f95be6dba5ad934049794d9\">Statistik<\/li>\n\n\n\n<li class=\"has-cyan-bluish-gray-color has-text-color has-link-color wp-elements-90cb9b603c5667565e7acacd2935faa1\">Integration des ERP-Systems<\/li>\n<\/ul>\n\n\n\n<div style=\"height:30px\" aria-hidden=\"true\" class=\"wp-block-spacer\"><\/div>\n\n\n\n<div class=\"wp-block-buttons alignfull is-horizontal is-content-justification-center is-layout-flex wp-container-core-buttons-is-layout-2 wp-block-buttons-is-layout-flex\">\n<div class=\"wp-block-button has-custom-width wp-block-button__width-100\"><a class=\"wp-block-button__link has-white-color has-ast-global-color-3-background-color has-text-color has-background wp-element-button\" href=\"https:\/\/clinic2lab.dk\/de\/free-demo\/\" style=\"border-radius:100px\" target=\"_blank\" rel=\"noreferrer noopener\">160 \u20ac \/ Monat<\/a><\/div>\n<\/div>\n\n\n\n<div style=\"height:30px\" aria-hidden=\"true\" class=\"wp-block-spacer\"><\/div>\n<\/div>\n\n\n\n<div class=\"wp-block-column has-ast-global-color-6-background-color has-text-color has-background has-link-color wp-elements-e1f3af25af736ac92c03854e1ae5a26f is-layout-flow wp-block-column-is-layout-flow\" style=\"color:#000000;padding-top:2em;padding-right:2em;padding-bottom:2em;padding-left:2em\">\n<h2 class=\"wp-block-heading has-text-align-center\" id=\"family\" style=\"font-size:40px\"><strong>CORE<\/strong><\/h2>\n\n\n\n<p class=\"has-text-align-center has-ast-global-color-8-color has-text-color has-link-color has-normal-font-size wp-elements-df42adf0b859089746fb5bfc3827f301\" style=\"line-height:1.5\"><strong>Unterst\u00fctzt mittelgro\u00dfe Laboratorien.<\/strong><\/p>\n\n\n\n<hr class=\"wp-block-separator has-css-opacity is-style-default\"\/>\n\n\n\n<ul class=\"wp-block-list has-normal-font-size\">\n<li>Bis zu <strong>400 <\/strong>Auftr\u00e4ge pro Monat<\/li>\n\n\n\n<li class=\"has-ast-global-color-8-color has-text-color has-link-color wp-elements-2cf656ad5ac9694b0fa385a8dc432655\">Bis zu <strong>3 <\/strong>Benutzer<\/li>\n\n\n\n<li class=\"has-ast-global-color-8-color has-text-color has-link-color wp-elements-a32fedad3cb111272dfe8d81764e06c7\"><strong>250<\/strong> aktive Zahnkliniken<\/li>\n\n\n\n<li class=\"has-ast-global-color-8-color has-text-color has-link-color wp-elements-3912b54ca12f74f0297d231792d0e3cf\"><strong>1<\/strong> externes Produktionslabor<\/li>\n\n\n\n<li class=\"has-ast-global-color-8-color has-text-color has-link-color wp-elements-4681bddabf0b0bf803afb9a105dad221\">Statistik - <strong>grundlegend<\/strong><\/li>\n\n\n\n<li class=\"has-ast-global-color-8-color has-text-color has-link-color wp-elements-6e864ff5d3b7eb834eea0a1886679dd2\">Integration des ERP-Systems<\/li>\n<\/ul>\n\n\n\n<div style=\"height:30px\" aria-hidden=\"true\" class=\"wp-block-spacer\"><\/div>\n\n\n\n<div class=\"wp-block-buttons alignfull is-horizontal is-content-justification-center is-layout-flex wp-container-core-buttons-is-layout-3 wp-block-buttons-is-layout-flex\">\n<div class=\"wp-block-button has-custom-width wp-block-button__width-100 is-style-fill\"><a class=\"wp-block-button__link has-white-color has-ast-global-color-3-background-color has-text-color has-background wp-element-button\" href=\"https:\/\/clinic2lab.dk\/de\/free-demo\/\" style=\"border-radius:100px\" target=\"_blank\" rel=\"noreferrer noopener\">330 \u20ac \/ Monat<\/a><\/div>\n<\/div>\n\n\n\n<div style=\"height:30px\" aria-hidden=\"true\" class=\"wp-block-spacer\"><\/div>\n<\/div>\n\n\n\n<div class=\"wp-block-column has-ast-global-color-6-background-color has-text-color has-background has-link-color wp-elements-009a5af3cba6b7f9f2ce5003463b51f7 is-layout-flow wp-block-column-is-layout-flow\" style=\"color:#000000;padding-top:2em;padding-right:2em;padding-bottom:2em;padding-left:2em\">\n<h2 class=\"wp-block-heading has-text-align-center\" id=\"patron\" style=\"font-size:40px\"><strong>PRO<\/strong><\/h2>\n\n\n\n<p class=\"has-text-align-center has-ast-global-color-8-color has-text-color has-link-color has-normal-font-size wp-elements-694def0e32fbc63b48702fd394a82a74\"><strong>Empfohlen f\u00fcr gro\u00dfe Laboratorien.<\/strong><\/p>\n\n\n\n<hr class=\"wp-block-separator has-css-opacity is-style-default\"\/>\n\n\n\n<ul class=\"wp-block-list has-normal-font-size\">\n<li>Bis zu<strong> 900<\/strong> Auftr\u00e4ge pro Monat<\/li>\n\n\n\n<li class=\"has-ast-global-color-8-color has-text-color has-link-color wp-elements-a7654dd7cecb13dfe766e072cf71e63e\">Bis zu <strong>7<\/strong> Benutzer<\/li>\n\n\n\n<li class=\"has-ast-global-color-8-color has-text-color has-link-color wp-elements-585a7d43692be1fc64646fe744350b00\"><strong>Unbegrenzt<\/strong> aktive Zahnkliniken<\/li>\n\n\n\n<li class=\"has-ast-global-color-8-color has-text-color has-link-color wp-elements-c1998962ca48133e7eafb8061c7707fe\">Bis zu <strong>3<\/strong> externe Produktionslaboratorien<\/li>\n\n\n\n<li class=\"has-ast-global-color-8-color has-text-color has-link-color wp-elements-f27e6e69a007b968712a82e56d601bfd\">Statistik - <strong>erweiterte<\/strong><\/li>\n\n\n\n<li class=\"has-ast-global-color-8-color has-text-color has-link-color wp-elements-6e864ff5d3b7eb834eea0a1886679dd2\">Integration des ERP-Systems<\/li>\n<\/ul>\n\n\n\n<div style=\"height:30px\" aria-hidden=\"true\" class=\"wp-block-spacer\"><\/div>\n\n\n\n<div class=\"wp-block-buttons alignfull is-horizontal is-content-justification-center is-layout-flex wp-container-core-buttons-is-layout-4 wp-block-buttons-is-layout-flex\">\n<div class=\"wp-block-button has-custom-width wp-block-button__width-100 is-style-fill\"><a class=\"wp-block-button__link has-white-color has-ast-global-color-3-background-color has-text-color has-background wp-element-button\" href=\"https:\/\/clinic2lab.dk\/de\/free-demo\/\" style=\"border-style:none;border-width:0px;border-radius:100px\" target=\"_blank\" rel=\"noreferrer noopener\">500 \u20ac \/ Monat<\/a><\/div>\n<\/div>\n\n\n\n<div style=\"height:30px\" aria-hidden=\"true\" class=\"wp-block-spacer\"><\/div>\n<\/div>\n\n\n\n<div class=\"wp-block-column has-ast-global-color-6-background-color has-text-color has-background has-link-color wp-elements-fc2b01d3b520e6a8465cd5feea63ebe1 is-layout-flow wp-block-column-is-layout-flow\" style=\"color:#000000;padding-top:2em;padding-right:2em;padding-bottom:2em;padding-left:2em\">\n<h2 class=\"wp-block-heading has-text-align-center\" id=\"patron\" style=\"font-size:40px\"><strong>ELITE<\/strong><\/h2>\n\n\n\n<p class=\"has-text-align-center has-ast-global-color-8-color has-text-color has-link-color has-normal-font-size wp-elements-1780eac3ea19241b3fd5d3dc4661f891\"><strong><strong>Vollst\u00e4ndig angepasste Clinic2Lab.<\/strong><\/strong><\/p>\n\n\n\n<hr class=\"wp-block-separator has-css-opacity is-style-default\"\/>\n\n\n\n<p class=\"has-text-align-center\" style=\"font-size:16px;line-height:1.8\">F\u00fcr Organisationen mit besonderen Anforderungen, die \u00fcber unsere Standardpl\u00e4ne hinausgehen. Erstellen Sie ein vollst\u00e4ndig individuelles Clinic2Lab-System, das genau auf Ihre Arbeitsabl\u00e4ufe und Integrationen zugeschnitten ist.<\/p>\n\n\n\n<div style=\"height:9px\" aria-hidden=\"true\" class=\"wp-block-spacer\"><\/div>\n\n\n\n<div class=\"wp-block-buttons alignfull is-horizontal is-content-justification-center is-layout-flex wp-container-core-buttons-is-layout-5 wp-block-buttons-is-layout-flex\">\n<div class=\"wp-block-button has-custom-width wp-block-button__width-100 is-style-fill\"><a class=\"wp-block-button__link has-white-color has-ast-global-color-3-background-color has-text-color has-background wp-element-button\" href=\"#form\" style=\"border-style:none;border-width:0px;border-radius:100px\" target=\"_blank\" rel=\"noreferrer noopener\">Kontakt C2L<\/a><\/div>\n<\/div>\n\n\n\n<div style=\"height:30px\" aria-hidden=\"true\" class=\"wp-block-spacer\"><\/div>\n<\/div>\n<\/div>\n\n\n\n<div style=\"height:54px\" aria-hidden=\"true\" class=\"wp-block-spacer\"><\/div>\n\n\n\n<h2 class=\"wp-block-heading has-text-align-left\">Zus\u00e4tzliche Dienstleistungen und Preise<\/h2>\n\n\n\n<div style=\"height:3px\" aria-hidden=\"true\" class=\"wp-block-spacer\"><\/div>\n\n\n\n<h5 class=\"wp-block-heading has-text-align-left\">Zus\u00e4tzliche Auftr\u00e4ge<\/h5>\n\n\n\n<figure class=\"wp-block-table\"><table class=\"has-fixed-layout\" style=\"border-style:none;border-width:0px\"><tbody><tr><td class=\"has-text-align-left\" data-align=\"left\">+100 Auftr\u00e4ge<br>+500 Auftr\u00e4ge<br>+1000 Bestellungen<\/td><td class=\"has-text-align-left\" data-align=\"left\">10 \u20ac \/ Monat<br>80 \u20ac \/ Monat<br>140 \u20ac \/ Monat<\/td><td><\/td><\/tr><\/tbody><\/table><\/figure>\n\n\n\n<h5 class=\"wp-block-heading\">Zus\u00e4tzliche Benutzer<\/h5>\n\n\n\n<figure class=\"wp-block-table\"><table class=\"has-fixed-layout\" style=\"border-style:none;border-width:0px\"><tbody><tr><td class=\"has-text-align-left\" data-align=\"left\">+1 Benutzer<br>+5 Benutzer<\/td><td class=\"has-text-align-left\" data-align=\"left\">10 \u20ac \/ Monat<br>45 \u20ac \/ Monat<\/td><td><\/td><\/tr><\/tbody><\/table><\/figure>\n\n\n\n<h5 class=\"wp-block-heading has-text-align-left\">Zus\u00e4tzlicher Zugang zu Zahn\u00e4rzten<\/h5>\n\n\n\n<figure class=\"wp-block-table is-style-regular\"><table class=\"has-fixed-layout\" style=\"border-style:none;border-width:0px\"><tbody><tr><td class=\"has-text-align-left\" data-align=\"left\">+100 Zahn\u00e4rzte<br>+500 Zahn\u00e4rzte<br>+1000 Zahn\u00e4rzte<\/td><td class=\"has-text-align-left\" data-align=\"left\">15 \u20ac \/ Monat<br>60 \u20ac \/ Monat<br>100 \u20ac \/ Monat<\/td><td><\/td><\/tr><\/tbody><\/table><\/figure>\n\n\n\n<h5 class=\"wp-block-heading has-text-align-left\"><strong>Modul Statistik<\/strong><\/h5>\n\n\n\n<figure class=\"wp-block-table\"><table class=\"has-fixed-layout\" style=\"border-style:none;border-width:0px\"><tbody><tr><td class=\"has-text-align-left\" data-align=\"left\">Grundlegend<br>Fortgeschrittene<\/td><td class=\"has-text-align-left\" data-align=\"left\">15 \u20ac \/ Monat<br>35 \u20ac \/ Monat<\/td><td><\/td><\/tr><\/tbody><\/table><\/figure>\n\n\n\n<h5 class=\"wp-block-heading has-text-align-left\"><strong>Externes Produktionslabor<\/strong><\/h5>\n\n\n\n<figure class=\"wp-block-table\"><table class=\"has-fixed-layout\" style=\"border-style:none;border-width:0px\"><tbody><tr><td class=\"has-text-align-left\" data-align=\"left\">Integration mit externen Produktionslabors<\/td><td class=\"has-text-align-left\" data-align=\"left\">40 \u20ac \/ Monat<\/td><td><\/td><\/tr><\/tbody><\/table><\/figure>\n\n\n\n<h5 class=\"wp-block-heading has-text-align-left\">ERP-System<\/h5>\n\n\n\n<figure class=\"wp-block-table\"><table class=\"has-fixed-layout\" style=\"border-style:none;border-width:0px\"><tbody><tr><td class=\"has-text-align-left\" data-align=\"left\">Integration mit ERP-System<br>Einrichtung der ERP-Systemintegration<\/td><td class=\"has-text-align-left\" data-align=\"left\">60 \u20ac \/ Monat<br>200 \u20ac \/ einmalige Geb\u00fchr<\/td><td><\/td><\/tr><\/tbody><\/table><\/figure>\n\n\n\n<h5 class=\"wp-block-heading\">Integration von Kurierdiensten<\/h5>\n\n\n\n<figure class=\"wp-block-table\"><table class=\"has-fixed-layout\" style=\"border-style:none;border-width:0px\"><tbody><tr><td>Integration in PostNord, GLS oder Bring<\/td><td>10 \u20ac \/ Monat<\/td><td><\/td><\/tr><\/tbody><\/table><\/figure>\n\n\n\n<div class=\"wp-block-buttons is-layout-flex wp-block-buttons-is-layout-flex\">\n<div class=\"wp-block-button\"><a class=\"wp-block-button__link wp-element-button\" href=\"https:\/\/clinic2lab.dk\/de\/c2l-for-labs\/#features\" target=\"_blank\" rel=\"noreferrer noopener\">Mehr \u00fcber C2L-Dienste<\/a><\/div>\n<\/div>\n<\/div>\n\n\n\n<div class=\"wp-block-group alignfull has-ast-global-color-2-color has-ast-global-color-6-background-color has-text-color has-background has-link-color wp-elements-2201d7100d8da90721bc2382110d6bb0 is-layout-constrained wp-container-core-group-is-layout-4 wp-block-group-is-layout-constrained\" id=\"contact\" style=\"padding-top:104px;padding-bottom:104px\">\n<h2 class=\"wp-block-heading has-text-align-center has-ast-global-color-2-color has-text-color\" id=\"form\">Nehmen Sie Kontakt mit Clinic2Lab auf<\/h2>\n\n\n\n<p class=\"has-text-align-center has-ast-global-color-2-color has-text-color has-link-color wp-elements-3917636b6499d812a77c3ae1271e8b6a\">M\u00f6chten Sie mehr \u00fcber Clinic2Lab und die Vorteile f\u00fcr Sie und Ihre Organisation erfahren? F\u00fcllen Sie bitte das untenstehende Kontaktformular aus und wir werden uns mit Ihnen in Verbindung setzen!<\/p>\n\n\n\n<div class=\"wp-block-contact-form-7-contact-form-selector\">\n<div class=\"wpcf7 no-js\" id=\"wpcf7-f117-o1\" lang=\"en-US\" dir=\"ltr\" data-wpcf7-id=\"117\">\n<div class=\"screen-reader-response\"><p role=\"status\" aria-live=\"polite\" aria-atomic=\"true\"><\/p> <ul><\/ul><\/div>\n<form action=\"\/de\/wp-json\/wp\/v2\/pages\/2383#wpcf7-f117-o1\" method=\"post\" class=\"wpcf7-form init\" aria-label=\"Kontakt-Formular\" novalidate=\"novalidate\" data-status=\"init\" data-trp-original-action=\"\/de\/wp-json\/wp\/v2\/pages\/2383#wpcf7-f117-o1\">\n<fieldset class=\"hidden-fields-container\"><input type=\"hidden\" name=\"_wpcf7\" value=\"117\" \/><input type=\"hidden\" name=\"_wpcf7_version\" value=\"6.1.5\" \/><input type=\"hidden\" name=\"_wpcf7_locale\" value=\"en_US\" \/><input type=\"hidden\" name=\"_wpcf7_unit_tag\" value=\"wpcf7-f117-o1\" \/><input type=\"hidden\" name=\"_wpcf7_container_post\" value=\"0\" \/><input type=\"hidden\" name=\"_wpcf7_posted_data_hash\" value=\"\" \/>\n<\/fieldset>\n<div class=\"wpcf7-turnstile cf-turnstile\" data-sitekey=\"0x4AAAAAABo7lurnF2LrFr6e\" data-response-field-name=\"_wpcf7_turnstile_response\"><\/div>\n\n<p><label> Ihr Name<br \/>\n<span class=\"wpcf7-form-control-wrap\" data-name=\"your-name\"><input size=\"40\" maxlength=\"400\" class=\"wpcf7-form-control wpcf7-text wpcf7-validates-as-required\" autocomplete=\"name\" aria-required=\"true\" aria-invalid=\"false\" value=\"\" type=\"text\" name=\"your-name\" \/><\/span> <\/label>\n<\/p>\n<p><label> Deine E-Mail<br \/>\n<span class=\"wpcf7-form-control-wrap\" data-name=\"your-email\"><input size=\"40\" maxlength=\"400\" class=\"wpcf7-form-control wpcf7-email wpcf7-validates-as-required wpcf7-text wpcf7-validates-as-email\" autocomplete=\"email\" aria-required=\"true\" aria-invalid=\"false\" value=\"\" type=\"email\" name=\"your-email\" \/><\/span> <\/label>\n<\/p>\n<p><label> Thema<br \/>\n<span class=\"wpcf7-form-control-wrap\" data-name=\"your-subject\"><input size=\"40\" maxlength=\"400\" class=\"wpcf7-form-control wpcf7-text wpcf7-validates-as-required\" aria-required=\"true\" aria-invalid=\"false\" value=\"\" type=\"text\" name=\"your-subject\" \/><\/span> <\/label>\n<\/p>\n<p><label> Ihre Nachricht (optional)<br \/>\n<span class=\"wpcf7-form-control-wrap\" data-name=\"your-message\"><textarea cols=\"40\" rows=\"10\" maxlength=\"2000\" class=\"wpcf7-form-control wpcf7-textarea\" aria-invalid=\"false\" name=\"your-message\"><\/textarea><\/span> <\/label>\n<\/p>\n<p><input class=\"wpcf7-form-control wpcf7-submit has-spinner\" type=\"submit\" value=\"Einreichen\" \/>\n<\/p><div class=\"wpcf7-response-output\" aria-hidden=\"true\"><\/div>\n<input type=\"hidden\" name=\"trp-form-language\" value=\"de\"\/><\/form>\n<\/div>\n<\/div>\n<\/div>","protected":false},"excerpt":{"rendered":"<p>Pricing At Clinic2Lab, we offer a flexible pricing model designed to match the unique size and workflow of your dental [&hellip;]<\/p>\n","protected":false},"author":1,"featured_media":0,"parent":0,"menu_order":0,"comment_status":"closed","ping_status":"closed","template":"","meta":{"om_disable_all_campaigns":false,"site-sidebar-layout":"default","site-content-layout":"","ast-site-content-layout":"","site-content-style":"default","site-sidebar-style":"default","ast-global-header-display":"","ast-banner-title-visibility":"","ast-main-header-display":"","ast-hfb-above-header-display":"","ast-hfb-below-header-display":"","ast-hfb-mobile-header-display":"","site-post-title":"disabled","ast-breadcrumbs-content":"","ast-featured-img":"","footer-sml-layout":"","theme-transparent-header-meta":"","adv-header-id-meta":"","stick-header-meta":"","header-above-stick-meta":"","header-main-stick-meta":"","header-below-stick-meta":"","astra-migrate-meta-layouts":"default","ast-page-background-enabled":"default","ast-page-background-meta":{"desktop":{"background-color":"var(--ast-global-color-4)","background-image":"","background-repeat":"repeat","background-position":"center center","background-size":"auto","background-attachment":"scroll","background-type":"","background-media":"","overlay-type":"","overlay-color":"","overlay-opacity":"","overlay-gradient":""},"tablet":{"background-color":"","background-image":"","background-repeat":"repeat","background-position":"center center","background-size":"auto","background-attachment":"scroll","background-type":"","background-media":"","overlay-type":"","overlay-color":"","overlay-opacity":"","overlay-gradient":""},"mobile":{"background-color":"","background-image":"","background-repeat":"repeat","background-position":"center center","background-size":"auto","background-attachment":"scroll","background-type":"","background-media":"","overlay-type":"","overlay-color":"","overlay-opacity":"","overlay-gradient":""}},"ast-content-background-meta":{"desktop":{"background-color":"var(--ast-global-color-5)","background-image":"","background-repeat":"repeat","background-position":"center center","background-size":"auto","background-attachment":"scroll","background-type":"","background-media":"","overlay-type":"","overlay-color":"","overlay-opacity":"","overlay-gradient":""},"tablet":{"background-color":"var(--ast-global-color-5)","background-image":"","background-repeat":"repeat","background-position":"center center","background-size":"auto","background-attachment":"scroll","background-type":"","background-media":"","overlay-type":"","overlay-color":"","overlay-opacity":"","overlay-gradient":""},"mobile":{"background-color":"var(--ast-global-color-5)","background-image":"","background-repeat":"repeat","background-position":"center center","background-size":"auto","background-attachment":"scroll","background-type":"","background-media":"","overlay-type":"","overlay-color":"","overlay-opacity":"","overlay-gradient":""}},"footnotes":""},"class_list":["post-2383","page","type-page","status-publish","hentry"],"_links":{"self":[{"href":"https:\/\/clinic2lab.dk\/de\/wp-json\/wp\/v2\/pages\/2383","targetHints":{"allow":["GET"]}}],"collection":[{"href":"https:\/\/clinic2lab.dk\/de\/wp-json\/wp\/v2\/pages"}],"about":[{"href":"https:\/\/clinic2lab.dk\/de\/wp-json\/wp\/v2\/types\/page"}],"author":[{"embeddable":true,"href":"https:\/\/clinic2lab.dk\/de\/wp-json\/wp\/v2\/users\/1"}],"replies":[{"embeddable":true,"href":"https:\/\/clinic2lab.dk\/de\/wp-json\/wp\/v2\/comments?post=2383"}],"version-history":[{"count":63,"href":"https:\/\/clinic2lab.dk\/de\/wp-json\/wp\/v2\/pages\/2383\/revisions"}],"predecessor-version":[{"id":2978,"href":"https:\/\/clinic2lab.dk\/de\/wp-json\/wp\/v2\/pages\/2383\/revisions\/2978"}],"wp:attachment":[{"href":"https:\/\/clinic2lab.dk\/de\/wp-json\/wp\/v2\/media?parent=2383"}],"curies":[{"name":"wp","href":"https:\/\/api.w.org\/{rel}","templated":true}]}}