{"id":43,"date":"2024-10-25T10:42:00","date_gmt":"2024-10-25T08:42:00","guid":{"rendered":"https:\/\/c2l.testald.dk:4430\/?page_id=43"},"modified":"2025-03-27T11:08:38","modified_gmt":"2025-03-27T10:08:38","slug":"home","status":"publish","type":"page","link":"https:\/\/clinic2lab.dk\/de\/","title":{"rendered":"HOME"},"content":{"rendered":"<div class=\"wp-block-cover alignfull\" style=\"min-height:469px;aspect-ratio:unset;\"><span aria-hidden=\"true\" class=\"wp-block-cover__background has-ast-global-color-0-background-color has-background-dim\"><\/span><img loading=\"lazy\" decoding=\"async\" width=\"2500\" height=\"1458\" class=\"wp-block-cover__image-background wp-image-561\" alt=\"\" src=\"https:\/\/clinic2lab.dk\/wp-content\/uploads\/2025\/03\/header1.jpg\" data-object-fit=\"cover\" srcset=\"https:\/\/clinic2lab.dk\/wp-content\/uploads\/2025\/03\/header1.jpg 2500w, https:\/\/clinic2lab.dk\/wp-content\/uploads\/2025\/03\/header1-300x175.jpg 300w, https:\/\/clinic2lab.dk\/wp-content\/uploads\/2025\/03\/header1-1024x597.jpg 1024w, https:\/\/clinic2lab.dk\/wp-content\/uploads\/2025\/03\/header1-768x448.jpg 768w, https:\/\/clinic2lab.dk\/wp-content\/uploads\/2025\/03\/header1-1536x896.jpg 1536w, https:\/\/clinic2lab.dk\/wp-content\/uploads\/2025\/03\/header1-2048x1194.jpg 2048w, https:\/\/clinic2lab.dk\/wp-content\/uploads\/2025\/03\/header1-18x10.jpg 18w, https:\/\/clinic2lab.dk\/wp-content\/uploads\/2025\/03\/header1-500x292.jpg 500w, https:\/\/clinic2lab.dk\/wp-content\/uploads\/2025\/03\/header1-800x467.jpg 800w, https:\/\/clinic2lab.dk\/wp-content\/uploads\/2025\/03\/header1-1280x746.jpg 1280w, https:\/\/clinic2lab.dk\/wp-content\/uploads\/2025\/03\/header1-1920x1120.jpg 1920w\" sizes=\"auto, (max-width: 2500px) 100vw, 2500px\" \/><div class=\"wp-block-cover__inner-container is-layout-flow wp-block-cover-is-layout-flow\">\n<div class=\"inherit-container-width wp-block-group alignwide is-layout-constrained wp-block-group-is-layout-constrained\">\n<div style=\"height:17px\" aria-hidden=\"true\" class=\"wp-block-spacer\"><\/div>\n\n\n\n<h1 class=\"wp-block-heading has-text-align-center has-ast-global-color-5-color has-text-color has-link-color has-x-large-font-size wp-elements-47f9e208e8c194c023338dca77b1cad9\">Clinic2Lab<\/h1>\n\n\n\n<div style=\"height:4px\" aria-hidden=\"true\" class=\"wp-block-spacer\"><\/div>\n\n\n\n<h2 class=\"wp-block-heading has-text-align-center has-ast-global-color-5-color has-text-color has-link-color wp-elements-451698d5095e6e044750df3c32a7e371\">Ein Online-System, das eine reibungslose <br>und effiziente Zusammenarbeit zwischen <br>Zahnkliniken und Laboren erm\u00f6glicht<\/h2>\n\n\n\n<div style=\"height:21px\" aria-hidden=\"true\" class=\"wp-block-spacer\"><\/div>\n\n\n\n<div class=\"wp-block-buttons is-content-justification-center is-layout-flex wp-container-core-buttons-is-layout-1 wp-block-buttons-is-layout-flex\">\n<div class=\"wp-block-button\"><a class=\"wp-block-button__link has-ast-global-color-5-color has-ast-global-color-3-background-color has-text-color has-background has-link-color wp-element-button\" href=\"https:\/\/clinic2lab.dk\/de\/c2l-for-labs\/\">Mehr erfahren<\/a><\/div>\n<\/div>\n<\/div>\n<\/div><\/div>\n\n\n\n<div class=\"wp-block-group alignfull is-layout-constrained wp-container-core-group-is-layout-2 wp-block-group-is-layout-constrained\" style=\"padding-bottom:0px\">\n<h2 class=\"wp-block-heading has-text-align-center has-ast-global-color-2-color has-text-color has-link-color wp-elements-7c3672794e3eb83dcbab24ce1537f3d2\">Einfache und effiziente Zusammenarbeit<\/h2>\n\n\n\n<p class=\"has-text-align-center has-ast-global-color-2-color has-text-color has-link-color wp-elements-0ea06015fbc2ecc4967ee2889351ba62\" style=\"font-size:20px\">Mit Clinic2Lab, einem Online-System, das es Zahnkliniken und Laboren erm\u00f6glicht, nahtlos <br>ihre Arbeit zu koordinieren, haben Sie folgende Vorteile:<\/p>\n\n\n\n<div style=\"height:13px\" aria-hidden=\"true\" class=\"wp-block-spacer\"><\/div>\n\n\n\n<div class=\"wp-block-columns are-vertically-aligned-top is-layout-flex wp-container-core-columns-is-layout-1 wp-block-columns-is-layout-flex\">\n<div class=\"wp-block-column is-vertically-aligned-top is-layout-flow wp-container-core-column-is-layout-1 wp-block-column-is-layout-flow\">\n<figure class=\"wp-block-image size-full is-resized\"><img decoding=\"async\" src=\"https:\/\/clinic2lab.dk\/wp-content\/uploads\/2024\/10\/1.png\" alt=\"\" class=\"wp-image-86\" style=\"width:56px;height:auto\"\/><\/figure>\n\n\n\n<h3 class=\"wp-block-heading has-text-align-left\" style=\"margin-top:16px\">Online-Auftragsformulare<\/h3>\n\n\n\n<p class=\"has-text-align-left\">Rationalisiert und minimiert die manuelle Arbeit auf nachhaltige Weise.<\/p>\n<\/div>\n\n\n\n<div class=\"wp-block-column is-vertically-aligned-top is-layout-flow wp-container-core-column-is-layout-2 wp-block-column-is-layout-flow\">\n<figure class=\"wp-block-image size-full is-resized\"><img decoding=\"async\" src=\"https:\/\/clinic2lab.dk\/wp-content\/uploads\/2024\/10\/2.png\" alt=\"\" class=\"wp-image-87\" style=\"width:55px;height:auto\"\/><\/figure>\n\n\n\n<h3 class=\"wp-block-heading has-text-align-left\" style=\"margin-top:16px\">Digitale Auftragserstellung<\/h3>\n\n\n\n<p class=\"has-text-align-left\">Legen Sie den Auftrag direkt im System an - das ist einfach und unkompliziert.<\/p>\n<\/div>\n\n\n\n<div class=\"wp-block-column is-vertically-aligned-top is-layout-flow wp-container-core-column-is-layout-3 wp-block-column-is-layout-flow\">\n<figure class=\"wp-block-image size-full is-resized\"><img decoding=\"async\" src=\"https:\/\/clinic2lab.dk\/wp-content\/uploads\/2024\/10\/3.png\" alt=\"\" class=\"wp-image-88\" style=\"width:55px;height:auto\"\/><\/figure>\n\n\n\n<h3 class=\"wp-block-heading has-text-align-left\" style=\"margin-top:16px\">Verfolgung und R\u00fcckverfolgung in Echtzeit<\/h3>\n\n\n\n<p class=\"has-text-align-left\">Verfolgen Sie die Bestellung von Anfang bis Ende und lassen Sie sich benachrichtigen, wenn die Bestellung auf dem Weg ist.<\/p>\n<\/div>\n\n\n\n<div class=\"wp-block-column is-vertically-aligned-top is-layout-flow wp-container-core-column-is-layout-4 wp-block-column-is-layout-flow\">\n<figure class=\"wp-block-image size-full is-resized\"><img decoding=\"async\" src=\"https:\/\/clinic2lab.dk\/wp-content\/uploads\/2024\/10\/4.png\" alt=\"\" class=\"wp-image-89\" style=\"width:52px;height:auto\"\/><\/figure>\n\n\n\n<h3 class=\"wp-block-heading has-text-align-left\" style=\"margin-top:16px\">Direkte Kommunikation<\/h3>\n\n\n\n<p class=\"has-text-align-left\">Einfacher Nachrichtenaustausch zwischen der Klinik und dem Labor.<\/p>\n<\/div>\n<\/div>\n\n\n\n<div style=\"height:76px\" aria-hidden=\"true\" class=\"wp-block-spacer\"><\/div>\n<\/div>\n\n\n\n<div class=\"wp-block-group alignfull has-ast-global-color-6-background-color has-background is-layout-constrained wp-block-group-is-layout-constrained\" id=\"services\" style=\"padding-top:144px;padding-bottom:0px\">\n<h2 class=\"wp-block-heading has-text-align-center has-ast-global-color-2-color has-text-color has-link-color wp-elements-45cec5cfe71deea2873471a9a7b3745c\">Unsere Dienstleistungen<\/h2>\n\n\n\n<p class=\"has-text-align-center has-ast-global-color-2-color has-text-color has-link-color has-medium-font-size wp-elements-28dc4e17cb023553056f7f2e91279cbe\">Das digitale Bestellformular des Systems reduziert den manuellen Aufwand zwischen Klinik und Labor bei der Bestellung von Prothesen. W\u00e4hlen Sie unten Ihren Arbeitsbereich aus, um mehr \u00fcber die Vorteile f\u00fcr Sie und Ihre Organisation zu erfahren:<\/p>\n\n\n\n<div style=\"height:0px;width:0px\" aria-hidden=\"true\" class=\"wp-block-spacer\"><\/div>\n\n\n\n<div class=\"wp-block-columns is-layout-flex wp-container-core-columns-is-layout-2 wp-block-columns-is-layout-flex\">\n<div class=\"wp-block-column has-ast-global-color-7-background-color has-background is-layout-flow wp-block-column-is-layout-flow\" style=\"padding-top:var(--wp--preset--spacing--70);padding-right:var(--wp--preset--spacing--80);padding-bottom:var(--wp--preset--spacing--70);padding-left:var(--wp--preset--spacing--80)\">\n<figure class=\"wp-block-image size-large is-style-rounded wp-duotone-unset-1\"><img decoding=\"async\" src=\"https:\/\/clinic2lab.dk\/wp-content\/uploads\/2024\/10\/Lab-detail-1-1024x1024.jpg\" alt=\"\" class=\"wp-image-215\"\/><\/figure>\n\n\n\n<h2 class=\"wp-block-heading has-text-align-center\">C2L f\u00fcr <br>Laboratorien<\/h2>\n\n\n\n<p class=\"has-text-align-center\">M\u00f6chten Sie mehr \u00fcber die Vorteile f\u00fcr Ihr Labor mit Clinic2Lab erfahren? Klicken Sie unten, um mehr zu erfahren.<\/p>\n\n\n\n<div class=\"wp-block-buttons is-content-justification-center is-layout-flex wp-container-core-buttons-is-layout-2 wp-block-buttons-is-layout-flex\">\n<div class=\"wp-block-button\"><a class=\"wp-block-button__link has-ast-global-color-4-color has-ast-global-color-5-background-color has-text-color has-background has-link-color wp-element-button\" href=\"https:\/\/clinic2lab.dk\/de\/c2l-for-labs\/\">Mehr lesen<\/a><\/div>\n<\/div>\n\n\n\n<div style=\"height:38px\" aria-hidden=\"true\" class=\"wp-block-spacer\"><\/div>\n<\/div>\n\n\n\n<div class=\"wp-block-column has-ast-global-color-7-background-color has-background is-layout-flow wp-block-column-is-layout-flow\" style=\"padding-top:var(--wp--preset--spacing--70);padding-right:var(--wp--preset--spacing--80);padding-bottom:var(--wp--preset--spacing--70);padding-left:var(--wp--preset--spacing--80)\">\n<figure class=\"wp-block-image size-large is-style-rounded wp-duotone-unset-2\"><img decoding=\"async\" src=\"https:\/\/clinic2lab.dk\/wp-content\/uploads\/2024\/10\/Dentist-1-1024x1024.jpg\" alt=\"\" class=\"wp-image-216\"\/><\/figure>\n\n\n\n<h2 class=\"wp-block-heading has-text-align-center\">C2L f\u00fcr <br>Zahnkliniken<\/h2>\n\n\n\n<p class=\"has-text-align-center\">M\u00f6chten Sie mehr \u00fcber die Vorteile von Clinic2Lab f\u00fcr Ihre Zahnklinik erfahren? Klicken Sie unten, um mehr zu erfahren.<\/p>\n\n\n\n<div class=\"wp-block-buttons is-content-justification-center is-layout-flex wp-container-core-buttons-is-layout-3 wp-block-buttons-is-layout-flex\">\n<div class=\"wp-block-button\"><a class=\"wp-block-button__link has-ast-global-color-4-color has-ast-global-color-5-background-color has-text-color has-background has-link-color wp-element-button\" href=\"https:\/\/clinic2lab.dk\/de\/c2l-for-clinics\/\">Mehr lesen<\/a><\/div>\n<\/div>\n\n\n\n<div style=\"height:38px\" aria-hidden=\"true\" class=\"wp-block-spacer\"><\/div>\n<\/div>\n<\/div>\n\n\n\n<div style=\"height:0px;width:0px\" aria-hidden=\"true\" class=\"wp-block-spacer\"><\/div>\n\n\n\n<div style=\"height:73px\" aria-hidden=\"true\" class=\"wp-block-spacer\"><\/div>\n<\/div>\n\n\n\n<div class=\"wp-block-group alignfull has-ast-global-color-5-background-color has-background is-layout-constrained wp-container-core-group-is-layout-5 wp-block-group-is-layout-constrained\" id=\"about\" style=\"padding-top:143px;padding-bottom:144px\">\n<div class=\"wp-block-media-text has-media-on-the-right is-stacked-on-mobile is-vertically-aligned-center\"><div class=\"wp-block-media-text__content\">\n<div class=\"inherit-container-width wp-block-group is-layout-constrained wp-container-core-group-is-layout-4 wp-block-group-is-layout-constrained\" style=\"padding-right:80px\">\n<h2 class=\"wp-block-heading\" style=\"padding-right:40px\">Minimieren Sie manuelle Aufgaben mit Online-Bestellformularen<\/h2>\n\n\n\n<p>Mit Clinic2Lab steht Ihnen ein Online-Tool zur Verf\u00fcgung, das speziell zur Verbesserung der Zusammenarbeit zwischen Zahnkliniken und Laboren entwickelt wurde.<\/p>\n\n\n\n<p>Mit einem digitalisierten Bestellprozess werden Fehler minimiert und der manuelle Arbeitsaufwand deutlich reduziert. Dies gew\u00e4hrleistet eine schnellere Lieferung von Laborarbeiten.<\/p>\n<\/div>\n<\/div><figure class=\"wp-block-media-text__media\"><img decoding=\"async\" src=\"https:\/\/clinic2lab.dk\/wp-content\/uploads\/2024\/10\/Scan-1-1024x819.jpg\" alt=\"\" class=\"wp-image-230 size-full\"\/><\/figure><\/div>\n<\/div>\n\n\n\n<div class=\"wp-block-group alignfull has-ast-global-color-7-background-color has-background is-layout-constrained wp-container-core-group-is-layout-6 wp-block-group-is-layout-constrained\" id=\"reviews\">\n<div style=\"height:5px\" aria-hidden=\"true\" class=\"wp-block-spacer\"><\/div>\n\n\n\n<p class=\"has-text-align-center\" style=\"font-size:22px;line-height:1.6\">\"Clinic2Lab ist aus meinem Arbeitsalltag in der Klinik nicht mehr wegzudenken. Dank des Systems bin ich nicht mehr auf manuelle Prozesse und meine eigenen Interpretationen von handschriftlichen Bestellformularen angewiesen.\"<\/p>\n\n\n\n<p class=\"has-text-align-center\"><strong>Ann Hentze<\/strong><br>Klinische Assistentin, Tandl\u00e6geklinikken Blomstervang<\/p>\n\n\n\n<div style=\"height:7px\" aria-hidden=\"true\" class=\"wp-block-spacer\"><\/div>\n<\/div>\n\n\n\n<div class=\"wp-block-group alignfull is-layout-constrained wp-container-core-group-is-layout-7 wp-block-group-is-layout-constrained\" id=\"whyus\" style=\"padding-top:144px;padding-bottom:144px\">\n<h2 class=\"wp-block-heading has-text-align-center\">Warum Clinic2Lab w\u00e4hlen?<\/h2>\n\n\n\n<p class=\"has-text-align-center\">Wenn Sie Clinic2Lab in Ihre t\u00e4gliche Arbeit einbeziehen, m\u00fcssen Sie sich nicht mehr mit der Interpretation handgeschriebener Bestellformulare oder dem Nachschlagen von Kunden- und Auftragsinformationen in vielen verschiedenen Systemen besch\u00e4ftigen. Clinic2Lab verschafft Ihnen einen Gesamt\u00fcberblick \u00fcber Ihre aktuellen und abgeschlossenen Auftr\u00e4ge, so dass Sie sich darauf konzentrieren k\u00f6nnen, die Erwartungen Ihrer Kunden zu erf\u00fcllen oder zu \u00fcbertreffen.<\/p>\n\n\n\n<div style=\"height:16px\" aria-hidden=\"true\" class=\"wp-block-spacer\"><\/div>\n\n\n\n<div class=\"wp-block-columns is-layout-flex wp-container-core-columns-is-layout-3 wp-block-columns-is-layout-flex\" style=\"margin-top:60px\">\n<div class=\"wp-block-column is-layout-flow wp-container-core-column-is-layout-7 wp-block-column-is-layout-flow\">\n<figure class=\"wp-block-image aligncenter size-full is-resized\"><img decoding=\"async\" src=\"https:\/\/clinic2lab.dk\/wp-content\/uploads\/2024\/10\/Professional.png\" alt=\"\" class=\"wp-image-226\" style=\"width:69px;height:auto\"\/><\/figure>\n\n\n\n<h3 class=\"wp-block-heading has-text-align-center\" style=\"margin-top:16px\">Auf Ihre Bed\u00fcrfnisse zugeschnitten<\/h3>\n\n\n\n<p class=\"has-text-align-center\">Die digitale Plattform Clinic2Lab wurde f\u00fcr und von hochqualifizierten Prothetikern entwickelt. Das System ist darauf zugeschnitten, die Zusammenarbeit zwischen Zahnkliniken und Prothetiklaboren zu optimieren.<\/p>\n<\/div>\n\n\n\n<div class=\"wp-block-column is-layout-flow wp-container-core-column-is-layout-8 wp-block-column-is-layout-flow\">\n<figure class=\"wp-block-image aligncenter size-full is-resized\"><img decoding=\"async\" src=\"https:\/\/clinic2lab.dk\/wp-content\/uploads\/2024\/10\/Process.png\" alt=\"\" class=\"wp-image-227\" style=\"width:71px;height:auto\"\/><\/figure>\n\n\n\n<h3 class=\"wp-block-heading has-text-align-center\" style=\"margin-top:16px\">Optimaler Prozessablauf<\/h3>\n\n\n\n<p class=\"has-text-align-center\">Dank der Online-Plattform erleben Sie einen reibungslosen und pr\u00e4zisen Auftragsablauf von Anfang bis Ende. Auf diese Weise verlieren Sie nie den \u00dcberblick \u00fcber Ihre Auftr\u00e4ge.<\/p>\n<\/div>\n\n\n\n<div class=\"wp-block-column is-layout-flow wp-container-core-column-is-layout-9 wp-block-column-is-layout-flow\">\n<figure class=\"wp-block-image aligncenter size-full is-resized\"><img decoding=\"async\" src=\"https:\/\/clinic2lab.dk\/wp-content\/uploads\/2024\/10\/Support.png\" alt=\"\" class=\"wp-image-228\" style=\"width:68px;height:auto\"\/><\/figure>\n\n\n\n<h3 class=\"wp-block-heading has-text-align-center\" style=\"margin-top:16px\">Unterst\u00fctzung<\/h3>\n\n\n\n<p class=\"has-text-align-center\">Machen Sie sich keine Sorgen. Unser Support-Team ist immer zur Stelle, um Ihnen bei Bedarf zu helfen. Clinic2Lab enth\u00e4lt au\u00dferdem eine Reihe von systeminternen Tipps und Tricks f\u00fcr intelligenteres Arbeiten.<\/p>\n<\/div>\n<\/div>\n<\/div>\n\n\n\n<div class=\"wp-block-group alignfull has-ast-global-color-2-color has-ast-global-color-6-background-color has-text-color has-background has-link-color wp-elements-38bf1cc4468599f1b79ca2b6c3f4be8c is-layout-constrained wp-container-core-group-is-layout-8 wp-block-group-is-layout-constrained\" id=\"contact\" style=\"padding-top:104px;padding-bottom:104px\">\n<h2 class=\"wp-block-heading has-text-align-center has-ast-global-color-2-color has-text-color\">Nehmen Sie Kontakt mit Clinic2Lab auf<\/h2>\n\n\n\n<p class=\"has-text-align-center has-ast-global-color-2-color has-text-color has-link-color wp-elements-3917636b6499d812a77c3ae1271e8b6a\">M\u00f6chten Sie mehr \u00fcber Clinic2Lab und die Vorteile f\u00fcr Sie und Ihre Organisation erfahren? F\u00fcllen Sie bitte das untenstehende Kontaktformular aus und wir werden uns mit Ihnen in Verbindung setzen!<\/p>\n\n\n\n<div class=\"wp-block-contact-form-7-contact-form-selector\">\n<div class=\"wpcf7 no-js\" id=\"wpcf7-f117-o1\" lang=\"en-US\" dir=\"ltr\" data-wpcf7-id=\"117\">\n<div class=\"screen-reader-response\"><p role=\"status\" aria-live=\"polite\" aria-atomic=\"true\"><\/p> <ul><\/ul><\/div>\n<form action=\"\/de\/wp-json\/wp\/v2\/pages\/43#wpcf7-f117-o1\" method=\"post\" class=\"wpcf7-form init\" aria-label=\"Kontakt-Formular\" novalidate=\"novalidate\" data-status=\"init\" data-trp-original-action=\"\/de\/wp-json\/wp\/v2\/pages\/43#wpcf7-f117-o1\">\n<fieldset class=\"hidden-fields-container\"><input type=\"hidden\" name=\"_wpcf7\" value=\"117\" \/><input type=\"hidden\" name=\"_wpcf7_version\" value=\"6.1.5\" \/><input type=\"hidden\" name=\"_wpcf7_locale\" value=\"en_US\" \/><input type=\"hidden\" name=\"_wpcf7_unit_tag\" value=\"wpcf7-f117-o1\" \/><input type=\"hidden\" name=\"_wpcf7_container_post\" value=\"0\" \/><input type=\"hidden\" name=\"_wpcf7_posted_data_hash\" value=\"\" \/>\n<\/fieldset>\n<div class=\"wpcf7-turnstile cf-turnstile\" data-sitekey=\"0x4AAAAAABo7lurnF2LrFr6e\" data-response-field-name=\"_wpcf7_turnstile_response\"><\/div>\n\n<p><label> Ihr Name<br \/>\n<span class=\"wpcf7-form-control-wrap\" data-name=\"your-name\"><input size=\"40\" maxlength=\"400\" class=\"wpcf7-form-control wpcf7-text wpcf7-validates-as-required\" autocomplete=\"name\" aria-required=\"true\" aria-invalid=\"false\" value=\"\" type=\"text\" name=\"your-name\" \/><\/span> <\/label>\n<\/p>\n<p><label> Deine E-Mail<br \/>\n<span class=\"wpcf7-form-control-wrap\" data-name=\"your-email\"><input size=\"40\" maxlength=\"400\" class=\"wpcf7-form-control wpcf7-email wpcf7-validates-as-required wpcf7-text wpcf7-validates-as-email\" autocomplete=\"email\" aria-required=\"true\" aria-invalid=\"false\" value=\"\" type=\"email\" name=\"your-email\" \/><\/span> <\/label>\n<\/p>\n<p><label> Thema<br \/>\n<span class=\"wpcf7-form-control-wrap\" data-name=\"your-subject\"><input size=\"40\" maxlength=\"400\" class=\"wpcf7-form-control wpcf7-text wpcf7-validates-as-required\" aria-required=\"true\" aria-invalid=\"false\" value=\"\" type=\"text\" name=\"your-subject\" \/><\/span> <\/label>\n<\/p>\n<p><label> Ihre Nachricht (optional)<br \/>\n<span class=\"wpcf7-form-control-wrap\" data-name=\"your-message\"><textarea cols=\"40\" rows=\"10\" maxlength=\"2000\" class=\"wpcf7-form-control wpcf7-textarea\" aria-invalid=\"false\" name=\"your-message\"><\/textarea><\/span> <\/label>\n<\/p>\n<p><input class=\"wpcf7-form-control wpcf7-submit has-spinner\" type=\"submit\" value=\"Einreichen\" \/>\n<\/p><div class=\"wpcf7-response-output\" aria-hidden=\"true\"><\/div>\n<input type=\"hidden\" name=\"trp-form-language\" value=\"de\"\/><\/form>\n<\/div>\n<\/div>\n<\/div>","protected":false},"excerpt":{"rendered":"<p>Easy and efficient collaboration Through Clinic2Lab, an online system allowing dental clinics and laboratories to seamlessly coordinate their work, you [&hellip;]<\/p>\n","protected":false},"author":1,"featured_media":0,"parent":0,"menu_order":0,"comment_status":"closed","ping_status":"closed","template":"","meta":{"om_disable_all_campaigns":false,"site-sidebar-layout":"no-sidebar","site-content-layout":"plain-container","ast-site-content-layout":"","site-content-style":"default","site-sidebar-style":"default","ast-global-header-display":"","ast-banner-title-visibility":"","ast-main-header-display":"","ast-hfb-above-header-display":"","ast-hfb-below-header-display":"","ast-hfb-mobile-header-display":"","site-post-title":"disabled","ast-breadcrumbs-content":"","ast-featured-img":"","footer-sml-layout":"","theme-transparent-header-meta":"enabled","adv-header-id-meta":"","stick-header-meta":"","header-above-stick-meta":"","header-main-stick-meta":"","header-below-stick-meta":"","astra-migrate-meta-layouts":"default","ast-page-background-enabled":"default","ast-page-background-meta":{"desktop":{"background-color":"var(--ast-global-color-4)","background-image":"","background-repeat":"repeat","background-position":"center center","background-size":"auto","background-attachment":"scroll","background-type":"","background-media":"","overlay-type":"","overlay-color":"","overlay-opacity":"","overlay-gradient":""},"tablet":{"background-color":"","background-image":"","background-repeat":"repeat","background-position":"center center","background-size":"auto","background-attachment":"scroll","background-type":"","background-media":"","overlay-type":"","overlay-color":"","overlay-opacity":"","overlay-gradient":""},"mobile":{"background-color":"","background-image":"","background-repeat":"repeat","background-position":"center center","background-size":"auto","background-attachment":"scroll","background-type":"","background-media":"","overlay-type":"","overlay-color":"","overlay-opacity":"","overlay-gradient":""}},"ast-content-background-meta":{"desktop":{"background-color":"var(--ast-global-color-5)","background-image":"","background-repeat":"repeat","background-position":"center center","background-size":"auto","background-attachment":"scroll","background-type":"","background-media":"","overlay-type":"","overlay-color":"","overlay-opacity":"","overlay-gradient":""},"tablet":{"background-color":"var(--ast-global-color-5)","background-image":"","background-repeat":"repeat","background-position":"center center","background-size":"auto","background-attachment":"scroll","background-type":"","background-media":"","overlay-type":"","overlay-color":"","overlay-opacity":"","overlay-gradient":""},"mobile":{"background-color":"var(--ast-global-color-5)","background-image":"","background-repeat":"repeat","background-position":"center center","background-size":"auto","background-attachment":"scroll","background-type":"","background-media":"","overlay-type":"","overlay-color":"","overlay-opacity":"","overlay-gradient":""}},"footnotes":""},"class_list":["post-43","page","type-page","status-publish","hentry"],"_links":{"self":[{"href":"https:\/\/clinic2lab.dk\/de\/wp-json\/wp\/v2\/pages\/43","targetHints":{"allow":["GET"]}}],"collection":[{"href":"https:\/\/clinic2lab.dk\/de\/wp-json\/wp\/v2\/pages"}],"about":[{"href":"https:\/\/clinic2lab.dk\/de\/wp-json\/wp\/v2\/types\/page"}],"author":[{"embeddable":true,"href":"https:\/\/clinic2lab.dk\/de\/wp-json\/wp\/v2\/users\/1"}],"replies":[{"embeddable":true,"href":"https:\/\/clinic2lab.dk\/de\/wp-json\/wp\/v2\/comments?post=43"}],"version-history":[{"count":66,"href":"https:\/\/clinic2lab.dk\/de\/wp-json\/wp\/v2\/pages\/43\/revisions"}],"predecessor-version":[{"id":571,"href":"https:\/\/clinic2lab.dk\/de\/wp-json\/wp\/v2\/pages\/43\/revisions\/571"}],"wp:attachment":[{"href":"https:\/\/clinic2lab.dk\/de\/wp-json\/wp\/v2\/media?parent=43"}],"curies":[{"name":"wp","href":"https:\/\/api.w.org\/{rel}","templated":true}]}}