{"id":2383,"date":"2025-07-26T15:51:11","date_gmt":"2025-07-26T13:51:11","guid":{"rendered":"https:\/\/clinic2lab.dk\/?page_id=2383"},"modified":"2025-08-14T16:14:55","modified_gmt":"2025-08-14T14:14:55","slug":"pricing","status":"publish","type":"page","link":"https:\/\/clinic2lab.dk\/sv\/pricing\/","title":{"rendered":"PRISS\u00c4TTNING"},"content":{"rendered":"<div class=\"wp-block-group alignfull has-ast-global-color-6-background-color has-background is-layout-constrained wp-block-group-is-layout-constrained\" id=\"about\" style=\"padding-top:143px;padding-bottom:144px\">\n<div class=\"wp-block-media-text is-stacked-on-mobile is-vertically-aligned-center is-image-fill-element\"><figure class=\"wp-block-media-text__media\"><img loading=\"lazy\" decoding=\"async\" width=\"1024\" height=\"683\" src=\"https:\/\/clinic2lab.dk\/wp-content\/uploads\/2025\/04\/S5A7633-2-1024x683.jpg\" alt=\"\" class=\"wp-image-992 size-full\" style=\"object-position:50% 50%\" srcset=\"https:\/\/clinic2lab.dk\/wp-content\/uploads\/2025\/04\/S5A7633-2-1024x683.jpg 1024w, https:\/\/clinic2lab.dk\/wp-content\/uploads\/2025\/04\/S5A7633-2-300x200.jpg 300w, https:\/\/clinic2lab.dk\/wp-content\/uploads\/2025\/04\/S5A7633-2-768x512.jpg 768w, https:\/\/clinic2lab.dk\/wp-content\/uploads\/2025\/04\/S5A7633-2-1536x1024.jpg 1536w, https:\/\/clinic2lab.dk\/wp-content\/uploads\/2025\/04\/S5A7633-2-2048x1365.jpg 2048w, https:\/\/clinic2lab.dk\/wp-content\/uploads\/2025\/04\/S5A7633-2-18x12.jpg 18w, https:\/\/clinic2lab.dk\/wp-content\/uploads\/2025\/04\/S5A7633-2-500x333.jpg 500w, https:\/\/clinic2lab.dk\/wp-content\/uploads\/2025\/04\/S5A7633-2-800x533.jpg 800w, https:\/\/clinic2lab.dk\/wp-content\/uploads\/2025\/04\/S5A7633-2-1280x853.jpg 1280w, https:\/\/clinic2lab.dk\/wp-content\/uploads\/2025\/04\/S5A7633-2-1920x1280.jpg 1920w\" sizes=\"auto, (max-width: 1024px) 100vw, 1024px\" \/><\/figure><div class=\"wp-block-media-text__content\">\n<div class=\"inherit-container-width wp-block-group is-layout-constrained wp-container-core-group-is-layout-1 wp-block-group-is-layout-constrained\" style=\"padding-right:80px\">\n<h2 class=\"wp-block-heading has-text-align-left\" style=\"padding-right:40px\">Priss\u00e4ttning<\/h2>\n\n\n\n<p class=\"has-text-align-left\">P\u00e5 Clinic2Lab erbjuder vi en flexibel prismodell som \u00e4r utformad f\u00f6r att matcha den unika storleken och arbetsfl\u00f6det i ditt dentallaboratorium. <br><br>Oavsett om du driver ett enmansf\u00f6retag eller en verksamhet med stora volymer erbjuder vi skalbara l\u00f6sningar som v\u00e4xer med din verksamhet.<\/p>\n\n\n\n<div style=\"height:12px\" aria-hidden=\"true\" class=\"wp-block-spacer\"><\/div>\n\n\n\n<div class=\"wp-block-buttons is-content-justification-left is-layout-flex wp-container-core-buttons-is-layout-1 wp-block-buttons-is-layout-flex\">\n<div class=\"wp-block-button\"><a class=\"wp-block-button__link wp-element-button\" href=\"#form\">Kontakta C2L<\/a><\/div>\n<\/div>\n<\/div>\n<\/div><\/div>\n<\/div>\n\n\n\n<div class=\"wp-block-group alignfull is-layout-constrained wp-block-group-is-layout-constrained\">\n<h2 class=\"wp-block-heading has-text-align-left\">Prisplaner<\/h2>\n\n\n\n<p class=\"has-text-align-left\">V\u00e4lj mellan v\u00e5ra Lite-, Core- eller Pro-planer och l\u00e4gg till valfria funktioner som integrering av ERP-system, statistik eller kuririntegrering. P\u00e5 s\u00e5 s\u00e4tt betalar du bara f\u00f6r det du faktiskt beh\u00f6ver. <br><br>Beh\u00f6ver du n\u00e5got speciellt? Vi skr\u00e4ddarsyr g\u00e4rna en anpassad plan f\u00f6r dig. F\u00f6r mer information och priser, v\u00e4nligen kontakta oss.<\/p>\n\n\n\n<div style=\"height:29px\" aria-hidden=\"true\" class=\"wp-block-spacer\"><\/div>\n\n\n\n<div class=\"wp-block-columns alignwide is-layout-flex wp-container-core-columns-is-layout-1 wp-block-columns-is-layout-flex\" style=\"margin-bottom:0\">\n<div class=\"wp-block-column has-ast-global-color-6-background-color has-text-color has-background has-link-color wp-elements-08e5d94a2c6b96fdd868fe967174d5fb is-layout-flow wp-block-column-is-layout-flow\" style=\"color:#000000;padding-top:2em;padding-right:2em;padding-bottom:2em;padding-left:2em\">\n<h2 class=\"wp-block-heading has-text-align-center\" id=\"single\" style=\"font-size:40px\"><strong>LITE<\/strong><\/h2>\n\n\n\n<p class=\"has-text-align-center has-ast-global-color-8-color has-text-color has-link-color has-normal-font-size wp-elements-6f7d66bcd8e956b7d02e5ccff34ff78a\" style=\"line-height:1.5\"><strong>L\u00e4mplig f\u00f6r sm\u00e5 laboratorier.<\/strong><\/p>\n\n\n\n<hr class=\"wp-block-separator has-text-color has-css-opacity has-background is-style-default\" style=\"background-color:#000000;color:#000000\"\/>\n\n\n\n<ul class=\"wp-block-list has-normal-font-size\">\n<li>Upp till<strong> 100<\/strong> order per m\u00e5nad<\/li>\n\n\n\n<li class=\"has-ast-global-color-8-color has-text-color has-link-color wp-elements-be5ee5f9595fc035069d81b4329bba79\"><strong>1 <\/strong>anv\u00e4ndare<\/li>\n\n\n\n<li class=\"has-ast-global-color-8-color has-text-color has-link-color wp-elements-09427f9029776b6a71e596e8368941f0\"><strong>50<\/strong> aktiva tandv\u00e5rdskliniker<\/li>\n\n\n\n<li class=\"has-ast-global-color-8-color has-text-color has-link-color wp-elements-3912b54ca12f74f0297d231792d0e3cf\"><strong>1<\/strong> externt produktionslabb<\/li>\n\n\n\n<li class=\"has-cyan-bluish-gray-color has-text-color has-link-color wp-elements-32c575c97f95be6dba5ad934049794d9\">Statistik<\/li>\n\n\n\n<li class=\"has-cyan-bluish-gray-color has-text-color has-link-color wp-elements-90cb9b603c5667565e7acacd2935faa1\">Integration av ERP-system<\/li>\n<\/ul>\n\n\n\n<div style=\"height:30px\" aria-hidden=\"true\" class=\"wp-block-spacer\"><\/div>\n\n\n\n<div class=\"wp-block-buttons alignfull is-horizontal is-content-justification-center is-layout-flex wp-container-core-buttons-is-layout-2 wp-block-buttons-is-layout-flex\">\n<div class=\"wp-block-button has-custom-width wp-block-button__width-100\"><a class=\"wp-block-button__link has-white-color has-ast-global-color-3-background-color has-text-color has-background wp-element-button\" href=\"https:\/\/clinic2lab.dk\/sv\/free-demo\/\" style=\"border-radius:100px\" target=\"_blank\" rel=\"noreferrer noopener\">\u20ac 160 \/ m\u00e5n<\/a><\/div>\n<\/div>\n\n\n\n<div style=\"height:30px\" aria-hidden=\"true\" class=\"wp-block-spacer\"><\/div>\n<\/div>\n\n\n\n<div class=\"wp-block-column has-ast-global-color-6-background-color has-text-color has-background has-link-color wp-elements-e1f3af25af736ac92c03854e1ae5a26f is-layout-flow wp-block-column-is-layout-flow\" style=\"color:#000000;padding-top:2em;padding-right:2em;padding-bottom:2em;padding-left:2em\">\n<h2 class=\"wp-block-heading has-text-align-center\" id=\"family\" style=\"font-size:40px\"><strong>CORE<\/strong><\/h2>\n\n\n\n<p class=\"has-text-align-center has-ast-global-color-8-color has-text-color has-link-color has-normal-font-size wp-elements-df42adf0b859089746fb5bfc3827f301\" style=\"line-height:1.5\"><strong>St\u00f6djer medelstora laboratorier.<\/strong><\/p>\n\n\n\n<hr class=\"wp-block-separator has-css-opacity is-style-default\"\/>\n\n\n\n<ul class=\"wp-block-list has-normal-font-size\">\n<li>Upp till <strong>400 <\/strong>order per m\u00e5nad<\/li>\n\n\n\n<li class=\"has-ast-global-color-8-color has-text-color has-link-color wp-elements-2cf656ad5ac9694b0fa385a8dc432655\">Upp till <strong>3 <\/strong>anv\u00e4ndare<\/li>\n\n\n\n<li class=\"has-ast-global-color-8-color has-text-color has-link-color wp-elements-a32fedad3cb111272dfe8d81764e06c7\"><strong>250<\/strong> aktiva tandv\u00e5rdskliniker<\/li>\n\n\n\n<li class=\"has-ast-global-color-8-color has-text-color has-link-color wp-elements-3912b54ca12f74f0297d231792d0e3cf\"><strong>1<\/strong> externt produktionslabb<\/li>\n\n\n\n<li class=\"has-ast-global-color-8-color has-text-color has-link-color wp-elements-4681bddabf0b0bf803afb9a105dad221\">Statistik - <strong>grundl\u00e4ggande<\/strong><\/li>\n\n\n\n<li class=\"has-ast-global-color-8-color has-text-color has-link-color wp-elements-6e864ff5d3b7eb834eea0a1886679dd2\">Integration av ERP-system<\/li>\n<\/ul>\n\n\n\n<div style=\"height:30px\" aria-hidden=\"true\" class=\"wp-block-spacer\"><\/div>\n\n\n\n<div class=\"wp-block-buttons alignfull is-horizontal is-content-justification-center is-layout-flex wp-container-core-buttons-is-layout-3 wp-block-buttons-is-layout-flex\">\n<div class=\"wp-block-button has-custom-width wp-block-button__width-100 is-style-fill\"><a class=\"wp-block-button__link has-white-color has-ast-global-color-3-background-color has-text-color has-background wp-element-button\" href=\"https:\/\/clinic2lab.dk\/sv\/free-demo\/\" style=\"border-radius:100px\" target=\"_blank\" rel=\"noreferrer noopener\">\u20ac 330 \/ m\u00e5n<\/a><\/div>\n<\/div>\n\n\n\n<div style=\"height:30px\" aria-hidden=\"true\" class=\"wp-block-spacer\"><\/div>\n<\/div>\n\n\n\n<div class=\"wp-block-column has-ast-global-color-6-background-color has-text-color has-background has-link-color wp-elements-009a5af3cba6b7f9f2ce5003463b51f7 is-layout-flow wp-block-column-is-layout-flow\" style=\"color:#000000;padding-top:2em;padding-right:2em;padding-bottom:2em;padding-left:2em\">\n<h2 class=\"wp-block-heading has-text-align-center\" id=\"patron\" style=\"font-size:40px\"><strong>PRO<\/strong><\/h2>\n\n\n\n<p class=\"has-text-align-center has-ast-global-color-8-color has-text-color has-link-color has-normal-font-size wp-elements-694def0e32fbc63b48702fd394a82a74\"><strong>Rekommenderas f\u00f6r stora laboratorier.<\/strong><\/p>\n\n\n\n<hr class=\"wp-block-separator has-css-opacity is-style-default\"\/>\n\n\n\n<ul class=\"wp-block-list has-normal-font-size\">\n<li>Upp till<strong> 900<\/strong> order per m\u00e5nad<\/li>\n\n\n\n<li class=\"has-ast-global-color-8-color has-text-color has-link-color wp-elements-a7654dd7cecb13dfe766e072cf71e63e\">Upp till <strong>7<\/strong> anv\u00e4ndare<\/li>\n\n\n\n<li class=\"has-ast-global-color-8-color has-text-color has-link-color wp-elements-585a7d43692be1fc64646fe744350b00\"><strong>Obegr\u00e4nsad<\/strong> aktiva tandv\u00e5rdskliniker<\/li>\n\n\n\n<li class=\"has-ast-global-color-8-color has-text-color has-link-color wp-elements-c1998962ca48133e7eafb8061c7707fe\">Upp till <strong>3<\/strong> externa produktionslaboratorier<\/li>\n\n\n\n<li class=\"has-ast-global-color-8-color has-text-color has-link-color wp-elements-f27e6e69a007b968712a82e56d601bfd\">Statistik - <strong>avancerad<\/strong><\/li>\n\n\n\n<li class=\"has-ast-global-color-8-color has-text-color has-link-color wp-elements-6e864ff5d3b7eb834eea0a1886679dd2\">Integration av ERP-system<\/li>\n<\/ul>\n\n\n\n<div style=\"height:30px\" aria-hidden=\"true\" class=\"wp-block-spacer\"><\/div>\n\n\n\n<div class=\"wp-block-buttons alignfull is-horizontal is-content-justification-center is-layout-flex wp-container-core-buttons-is-layout-4 wp-block-buttons-is-layout-flex\">\n<div class=\"wp-block-button has-custom-width wp-block-button__width-100 is-style-fill\"><a class=\"wp-block-button__link has-white-color has-ast-global-color-3-background-color has-text-color has-background wp-element-button\" href=\"https:\/\/clinic2lab.dk\/sv\/free-demo\/\" style=\"border-style:none;border-width:0px;border-radius:100px\" target=\"_blank\" rel=\"noreferrer noopener\">\u20ac 500 \/ m\u00e5n<\/a><\/div>\n<\/div>\n\n\n\n<div style=\"height:30px\" aria-hidden=\"true\" class=\"wp-block-spacer\"><\/div>\n<\/div>\n\n\n\n<div class=\"wp-block-column has-ast-global-color-6-background-color has-text-color has-background has-link-color wp-elements-fc2b01d3b520e6a8465cd5feea63ebe1 is-layout-flow wp-block-column-is-layout-flow\" style=\"color:#000000;padding-top:2em;padding-right:2em;padding-bottom:2em;padding-left:2em\">\n<h2 class=\"wp-block-heading has-text-align-center\" id=\"patron\" style=\"font-size:40px\"><strong>ELITE<\/strong><\/h2>\n\n\n\n<p class=\"has-text-align-center has-ast-global-color-8-color has-text-color has-link-color has-normal-font-size wp-elements-1780eac3ea19241b3fd5d3dc4661f891\"><strong><strong>Helt anpassad Clinic2Lab.<\/strong><\/strong><\/p>\n\n\n\n<hr class=\"wp-block-separator has-css-opacity is-style-default\"\/>\n\n\n\n<p class=\"has-text-align-center\" style=\"font-size:16px;line-height:1.8\">F\u00f6r organisationer med unika krav som g\u00e5r ut\u00f6ver v\u00e5ra standardplaner. Bygg ett helt anpassat Clinic2Lab-system - skr\u00e4ddarsytt f\u00f6r dina exakta arbetsfl\u00f6den och integrationer.<\/p>\n\n\n\n<div style=\"height:9px\" aria-hidden=\"true\" class=\"wp-block-spacer\"><\/div>\n\n\n\n<div class=\"wp-block-buttons alignfull is-horizontal is-content-justification-center is-layout-flex wp-container-core-buttons-is-layout-5 wp-block-buttons-is-layout-flex\">\n<div class=\"wp-block-button has-custom-width wp-block-button__width-100 is-style-fill\"><a class=\"wp-block-button__link has-white-color has-ast-global-color-3-background-color has-text-color has-background wp-element-button\" href=\"#form\" style=\"border-style:none;border-width:0px;border-radius:100px\" target=\"_blank\" rel=\"noreferrer noopener\">Kontakta C2L<\/a><\/div>\n<\/div>\n\n\n\n<div style=\"height:30px\" aria-hidden=\"true\" class=\"wp-block-spacer\"><\/div>\n<\/div>\n<\/div>\n\n\n\n<div style=\"height:54px\" aria-hidden=\"true\" class=\"wp-block-spacer\"><\/div>\n\n\n\n<h2 class=\"wp-block-heading has-text-align-left\">Ytterligare tj\u00e4nster och priser<\/h2>\n\n\n\n<div style=\"height:3px\" aria-hidden=\"true\" class=\"wp-block-spacer\"><\/div>\n\n\n\n<h5 class=\"wp-block-heading has-text-align-left\">Ytterligare best\u00e4llningar<\/h5>\n\n\n\n<figure class=\"wp-block-table\"><table class=\"has-fixed-layout\" style=\"border-style:none;border-width:0px\"><tbody><tr><td class=\"has-text-align-left\" data-align=\"left\">+100 order<br>+500 order<br>+1000 order<\/td><td class=\"has-text-align-left\" data-align=\"left\">\u20ac 10 \/ m\u00e5n<br>\u20ac 80 \/ m\u00e5n<br>\u20ac 140 \/ m\u00e5n<\/td><td><\/td><\/tr><\/tbody><\/table><\/figure>\n\n\n\n<h5 class=\"wp-block-heading\">Ytterligare anv\u00e4ndare<\/h5>\n\n\n\n<figure class=\"wp-block-table\"><table class=\"has-fixed-layout\" style=\"border-style:none;border-width:0px\"><tbody><tr><td class=\"has-text-align-left\" data-align=\"left\">+1 anv\u00e4ndare<br>+5 anv\u00e4ndare<\/td><td class=\"has-text-align-left\" data-align=\"left\">\u20ac 10 \/ m\u00e5n<br>\u20ac 45 \/ m\u00e5n<\/td><td><\/td><\/tr><\/tbody><\/table><\/figure>\n\n\n\n<h5 class=\"wp-block-heading has-text-align-left\">Ytterligare tillg\u00e5ng till tandl\u00e4kare<\/h5>\n\n\n\n<figure class=\"wp-block-table is-style-regular\"><table class=\"has-fixed-layout\" style=\"border-style:none;border-width:0px\"><tbody><tr><td class=\"has-text-align-left\" data-align=\"left\">+100 tandl\u00e4kare<br>+500 tandl\u00e4kare<br>+1000 tandl\u00e4kare<\/td><td class=\"has-text-align-left\" data-align=\"left\">\u20ac 15 \/ m\u00e5n<br>\u20ac 60 \/ m\u00e5n<br>\u20ac 100 \/ m\u00e5n<\/td><td><\/td><\/tr><\/tbody><\/table><\/figure>\n\n\n\n<h5 class=\"wp-block-heading has-text-align-left\"><strong>Statistikmodul<\/strong><\/h5>\n\n\n\n<figure class=\"wp-block-table\"><table class=\"has-fixed-layout\" style=\"border-style:none;border-width:0px\"><tbody><tr><td class=\"has-text-align-left\" data-align=\"left\">Grundl\u00e4ggande<br>Avancerad<\/td><td class=\"has-text-align-left\" data-align=\"left\">\u20ac 15 \/ m\u00e5n<br>\u20ac 35 \/ m\u00e5n<\/td><td><\/td><\/tr><\/tbody><\/table><\/figure>\n\n\n\n<h5 class=\"wp-block-heading has-text-align-left\"><strong>Externt produktionslabb<\/strong><\/h5>\n\n\n\n<figure class=\"wp-block-table\"><table class=\"has-fixed-layout\" style=\"border-style:none;border-width:0px\"><tbody><tr><td class=\"has-text-align-left\" data-align=\"left\">Integration med externa produktionslaboratorier<\/td><td class=\"has-text-align-left\" data-align=\"left\">\u20ac 40 \/ m\u00e5n<\/td><td><\/td><\/tr><\/tbody><\/table><\/figure>\n\n\n\n<h5 class=\"wp-block-heading has-text-align-left\">ERP-system<\/h5>\n\n\n\n<figure class=\"wp-block-table\"><table class=\"has-fixed-layout\" style=\"border-style:none;border-width:0px\"><tbody><tr><td class=\"has-text-align-left\" data-align=\"left\">Integration med ERP-system<br>Installation av integration av ERP-system<\/td><td class=\"has-text-align-left\" data-align=\"left\">\u20ac 60 \/ m\u00e5n<br>200 \u20ac \/ eng\u00e5ngsavgift<\/td><td><\/td><\/tr><\/tbody><\/table><\/figure>\n\n\n\n<h5 class=\"wp-block-heading\">Integration av kurirer<\/h5>\n\n\n\n<figure class=\"wp-block-table\"><table class=\"has-fixed-layout\" style=\"border-style:none;border-width:0px\"><tbody><tr><td>Integration till PostNord, GLS eller Bring<\/td><td>\u20ac 10 \/ m\u00e5n<\/td><td><\/td><\/tr><\/tbody><\/table><\/figure>\n\n\n\n<div class=\"wp-block-buttons is-layout-flex wp-block-buttons-is-layout-flex\">\n<div class=\"wp-block-button\"><a class=\"wp-block-button__link wp-element-button\" href=\"https:\/\/clinic2lab.dk\/sv\/c2l-for-labs\/#features\" target=\"_blank\" rel=\"noreferrer noopener\">Mer om C2L-tj\u00e4nster<\/a><\/div>\n<\/div>\n<\/div>\n\n\n\n<div class=\"wp-block-group alignfull has-ast-global-color-2-color has-ast-global-color-6-background-color has-text-color has-background has-link-color wp-elements-2201d7100d8da90721bc2382110d6bb0 is-layout-constrained wp-container-core-group-is-layout-4 wp-block-group-is-layout-constrained\" id=\"contact\" style=\"padding-top:104px;padding-bottom:104px\">\n<h2 class=\"wp-block-heading has-text-align-center has-ast-global-color-2-color has-text-color\" id=\"form\">Kom i kontakt med Clinic2Lab<\/h2>\n\n\n\n<p class=\"has-text-align-center has-ast-global-color-2-color has-text-color has-link-color wp-elements-3917636b6499d812a77c3ae1271e8b6a\">Vill du veta mer om Clinic2Lab och f\u00f6rdelarna f\u00f6r dig och din organisation, v\u00e4nligen fyll i kontaktformul\u00e4ret nedan s\u00e5 \u00e5terkommer vi till dig!<\/p>\n\n\n\n<div class=\"wp-block-contact-form-7-contact-form-selector\">\n<div class=\"wpcf7 no-js\" id=\"wpcf7-f117-o1\" lang=\"en-US\" dir=\"ltr\" data-wpcf7-id=\"117\">\n<div class=\"screen-reader-response\"><p role=\"status\" aria-live=\"polite\" aria-atomic=\"true\"><\/p> <ul><\/ul><\/div>\n<form action=\"\/sv\/wp-json\/wp\/v2\/pages\/2383#wpcf7-f117-o1\" method=\"post\" class=\"wpcf7-form init\" aria-label=\"Kontaktformul\u00e4r\" novalidate=\"novalidate\" data-status=\"init\" data-trp-original-action=\"\/sv\/wp-json\/wp\/v2\/pages\/2383#wpcf7-f117-o1\">\n<fieldset class=\"hidden-fields-container\"><input type=\"hidden\" name=\"_wpcf7\" value=\"117\" \/><input type=\"hidden\" name=\"_wpcf7_version\" value=\"6.1.5\" \/><input type=\"hidden\" name=\"_wpcf7_locale\" value=\"en_US\" \/><input type=\"hidden\" name=\"_wpcf7_unit_tag\" value=\"wpcf7-f117-o1\" \/><input type=\"hidden\" name=\"_wpcf7_container_post\" value=\"0\" \/><input type=\"hidden\" name=\"_wpcf7_posted_data_hash\" value=\"\" \/>\n<\/fieldset>\n<div class=\"wpcf7-turnstile cf-turnstile\" data-sitekey=\"0x4AAAAAABo7lurnF2LrFr6e\" data-response-field-name=\"_wpcf7_turnstile_response\"><\/div>\n\n<p><label> Ditt namn<br \/>\n<span class=\"wpcf7-form-control-wrap\" data-name=\"your-name\"><input size=\"40\" maxlength=\"400\" class=\"wpcf7-form-control wpcf7-text wpcf7-validates-as-required\" autocomplete=\"name\" aria-required=\"true\" aria-invalid=\"false\" value=\"\" type=\"text\" name=\"your-name\" \/><\/span> <\/label>\n<\/p>\n<p><label> Din e-postadress<br \/>\n<span class=\"wpcf7-form-control-wrap\" data-name=\"your-email\"><input size=\"40\" maxlength=\"400\" class=\"wpcf7-form-control wpcf7-email wpcf7-validates-as-required wpcf7-text wpcf7-validates-as-email\" autocomplete=\"email\" aria-required=\"true\" aria-invalid=\"false\" value=\"\" type=\"email\" name=\"your-email\" \/><\/span> <\/label>\n<\/p>\n<p><label> \u00c4mne<br \/>\n<span class=\"wpcf7-form-control-wrap\" data-name=\"your-subject\"><input size=\"40\" maxlength=\"400\" class=\"wpcf7-form-control wpcf7-text wpcf7-validates-as-required\" aria-required=\"true\" aria-invalid=\"false\" value=\"\" type=\"text\" name=\"your-subject\" \/><\/span> <\/label>\n<\/p>\n<p><label> Ditt meddelande (valfritt)<br \/>\n<span class=\"wpcf7-form-control-wrap\" data-name=\"your-message\"><textarea cols=\"40\" rows=\"10\" maxlength=\"2000\" class=\"wpcf7-form-control wpcf7-textarea\" aria-invalid=\"false\" name=\"your-message\"><\/textarea><\/span> <\/label>\n<\/p>\n<p><input class=\"wpcf7-form-control wpcf7-submit has-spinner\" type=\"submit\" value=\"Skicka in\" \/>\n<\/p><div class=\"wpcf7-response-output\" aria-hidden=\"true\"><\/div>\n<input type=\"hidden\" name=\"trp-form-language\" value=\"sv\"\/><\/form>\n<\/div>\n<\/div>\n<\/div>","protected":false},"excerpt":{"rendered":"<p>Pricing At Clinic2Lab, we offer a flexible pricing model designed to match the unique size and workflow of your dental [&hellip;]<\/p>\n","protected":false},"author":1,"featured_media":0,"parent":0,"menu_order":0,"comment_status":"closed","ping_status":"closed","template":"","meta":{"om_disable_all_campaigns":false,"site-sidebar-layout":"default","site-content-layout":"","ast-site-content-layout":"","site-content-style":"default","site-sidebar-style":"default","ast-global-header-display":"","ast-banner-title-visibility":"","ast-main-header-display":"","ast-hfb-above-header-display":"","ast-hfb-below-header-display":"","ast-hfb-mobile-header-display":"","site-post-title":"disabled","ast-breadcrumbs-content":"","ast-featured-img":"","footer-sml-layout":"","theme-transparent-header-meta":"","adv-header-id-meta":"","stick-header-meta":"","header-above-stick-meta":"","header-main-stick-meta":"","header-below-stick-meta":"","astra-migrate-meta-layouts":"default","ast-page-background-enabled":"default","ast-page-background-meta":{"desktop":{"background-color":"var(--ast-global-color-4)","background-image":"","background-repeat":"repeat","background-position":"center center","background-size":"auto","background-attachment":"scroll","background-type":"","background-media":"","overlay-type":"","overlay-color":"","overlay-opacity":"","overlay-gradient":""},"tablet":{"background-color":"","background-image":"","background-repeat":"repeat","background-position":"center center","background-size":"auto","background-attachment":"scroll","background-type":"","background-media":"","overlay-type":"","overlay-color":"","overlay-opacity":"","overlay-gradient":""},"mobile":{"background-color":"","background-image":"","background-repeat":"repeat","background-position":"center center","background-size":"auto","background-attachment":"scroll","background-type":"","background-media":"","overlay-type":"","overlay-color":"","overlay-opacity":"","overlay-gradient":""}},"ast-content-background-meta":{"desktop":{"background-color":"var(--ast-global-color-5)","background-image":"","background-repeat":"repeat","background-position":"center center","background-size":"auto","background-attachment":"scroll","background-type":"","background-media":"","overlay-type":"","overlay-color":"","overlay-opacity":"","overlay-gradient":""},"tablet":{"background-color":"var(--ast-global-color-5)","background-image":"","background-repeat":"repeat","background-position":"center center","background-size":"auto","background-attachment":"scroll","background-type":"","background-media":"","overlay-type":"","overlay-color":"","overlay-opacity":"","overlay-gradient":""},"mobile":{"background-color":"var(--ast-global-color-5)","background-image":"","background-repeat":"repeat","background-position":"center center","background-size":"auto","background-attachment":"scroll","background-type":"","background-media":"","overlay-type":"","overlay-color":"","overlay-opacity":"","overlay-gradient":""}},"footnotes":""},"class_list":["post-2383","page","type-page","status-publish","hentry"],"_links":{"self":[{"href":"https:\/\/clinic2lab.dk\/sv\/wp-json\/wp\/v2\/pages\/2383","targetHints":{"allow":["GET"]}}],"collection":[{"href":"https:\/\/clinic2lab.dk\/sv\/wp-json\/wp\/v2\/pages"}],"about":[{"href":"https:\/\/clinic2lab.dk\/sv\/wp-json\/wp\/v2\/types\/page"}],"author":[{"embeddable":true,"href":"https:\/\/clinic2lab.dk\/sv\/wp-json\/wp\/v2\/users\/1"}],"replies":[{"embeddable":true,"href":"https:\/\/clinic2lab.dk\/sv\/wp-json\/wp\/v2\/comments?post=2383"}],"version-history":[{"count":63,"href":"https:\/\/clinic2lab.dk\/sv\/wp-json\/wp\/v2\/pages\/2383\/revisions"}],"predecessor-version":[{"id":2978,"href":"https:\/\/clinic2lab.dk\/sv\/wp-json\/wp\/v2\/pages\/2383\/revisions\/2978"}],"wp:attachment":[{"href":"https:\/\/clinic2lab.dk\/sv\/wp-json\/wp\/v2\/media?parent=2383"}],"curies":[{"name":"wp","href":"https:\/\/api.w.org\/{rel}","templated":true}]}}