{"id":2941,"date":"2025-08-14T11:26:44","date_gmt":"2025-08-14T09:26:44","guid":{"rendered":"https:\/\/clinic2lab.dk\/?page_id=2941"},"modified":"2025-08-14T15:19:26","modified_gmt":"2025-08-14T13:19:26","slug":"free-demo","status":"publish","type":"page","link":"https:\/\/clinic2lab.dk\/sv\/free-demo\/","title":{"rendered":"Gratis demo"},"content":{"rendered":"<div class=\"wp-block-group alignfull has-ast-global-color-2-color has-ast-global-color-6-background-color has-text-color has-background has-link-color wp-elements-45825eb18e778f6004c3af8abd0cb8a8 is-layout-constrained wp-container-core-group-is-layout-1 wp-block-group-is-layout-constrained\" id=\"contact\" style=\"padding-top:104px;padding-bottom:104px\">\n<h2 class=\"wp-block-heading has-text-align-center has-ast-global-color-2-color has-text-color\">Gratis Clinic2Lab demo<\/h2>\n\n\n\n<p class=\"has-text-align-center has-ast-global-color-2-color has-text-color has-link-color wp-elements-14490ce783cd3a0a4bb7d71e107ff3ce\">Vill du veta om Clinic2Lab kan vara laboratoriesystemet f\u00f6r dig? <br>Fyll i formul\u00e4ret nedan f\u00f6r att f\u00e5 tillg\u00e5ng till ditt kostnadsfria Clinic2Lab demosystem - helt utan f\u00f6rpliktelser.<br><br>N\u00e4r du har registrerat dig f\u00e5r du ett e-postmeddelande med l\u00e4nk och \u00e5tkomstinformation till v\u00e5rt demosystem.  <\/p>\n\n\n\n<div class=\"wp-block-contact-form-7-contact-form-selector\">\n<div class=\"wpcf7 no-js\" id=\"wpcf7-f2921-o1\" lang=\"en-US\" dir=\"ltr\" data-wpcf7-id=\"2921\">\n<div class=\"screen-reader-response\"><p role=\"status\" aria-live=\"polite\" aria-atomic=\"true\"><\/p> <ul><\/ul><\/div>\n<form action=\"\/sv\/wp-json\/wp\/v2\/pages\/2941#wpcf7-f2921-o1\" method=\"post\" class=\"wpcf7-form init\" aria-label=\"Kontaktformul\u00e4r\" novalidate=\"novalidate\" data-status=\"init\" data-trp-original-action=\"\/sv\/wp-json\/wp\/v2\/pages\/2941#wpcf7-f2921-o1\">\n<fieldset class=\"hidden-fields-container\"><input type=\"hidden\" name=\"_wpcf7\" value=\"2921\" \/><input type=\"hidden\" name=\"_wpcf7_version\" value=\"6.1.5\" \/><input type=\"hidden\" name=\"_wpcf7_locale\" value=\"en_US\" \/><input type=\"hidden\" name=\"_wpcf7_unit_tag\" value=\"wpcf7-f2921-o1\" \/><input type=\"hidden\" name=\"_wpcf7_container_post\" value=\"0\" \/><input type=\"hidden\" name=\"_wpcf7_posted_data_hash\" value=\"\" \/>\n<\/fieldset>\n<div class=\"wpcf7-turnstile cf-turnstile\" data-sitekey=\"0x4AAAAAABo7lurnF2LrFr6e\" data-response-field-name=\"_wpcf7_turnstile_response\"><\/div>\n\n<p><label> Ditt namn<br \/>\n<span class=\"wpcf7-form-control-wrap\" data-name=\"your-name\"><input size=\"40\" maxlength=\"400\" class=\"wpcf7-form-control wpcf7-text wpcf7-validates-as-required\" autocomplete=\"name\" aria-required=\"true\" aria-invalid=\"false\" value=\"\" type=\"text\" name=\"your-name\" \/><\/span> <\/label>\n<\/p>\n<p><label> Ditt laboratorium<br \/>\n<span class=\"wpcf7-form-control-wrap\" data-name=\"your-laboratory\"><input size=\"40\" maxlength=\"400\" class=\"wpcf7-form-control wpcf7-text wpcf7-validates-as-required\" autocomplete=\"laboratory\" aria-required=\"true\" aria-invalid=\"false\" value=\"\" type=\"text\" name=\"your-laboratory\" \/><\/span> <\/label>\n<\/p>\n<p><label> Din adress<br \/>\n<span class=\"wpcf7-form-control-wrap\" data-name=\"your-address\"><input size=\"40\" maxlength=\"400\" class=\"wpcf7-form-control wpcf7-text wpcf7-validates-as-required\" autocomplete=\"address\" aria-required=\"true\" aria-invalid=\"false\" value=\"\" type=\"text\" name=\"your-address\" \/><\/span> <\/label>\n<\/p>\n<p><label> Din e-postadress<br \/>\n<span class=\"wpcf7-form-control-wrap\" data-name=\"your-email\"><input size=\"40\" maxlength=\"400\" class=\"wpcf7-form-control wpcf7-text wpcf7-validates-as-required\" autocomplete=\"email\" aria-required=\"true\" aria-invalid=\"false\" value=\"\" type=\"text\" name=\"your-email\" \/><\/span> <\/label>\n<\/p>\n<p><label> Ditt telefonnummer<br \/>\n<span class=\"wpcf7-form-control-wrap\" data-name=\"your-phone\"><input size=\"40\" maxlength=\"400\" class=\"wpcf7-form-control wpcf7-text wpcf7-validates-as-required\" autocomplete=\"phone\" aria-required=\"true\" aria-invalid=\"false\" value=\"\" type=\"text\" name=\"your-phone\" \/><\/span> <\/label>\n<\/p>\n<p><label> Ditt meddelande (valfritt)<br \/>\n<span class=\"wpcf7-form-control-wrap\" data-name=\"your-message\"><textarea cols=\"40\" rows=\"10\" maxlength=\"2000\" class=\"wpcf7-form-control wpcf7-textarea\" aria-invalid=\"false\" name=\"your-message\"><\/textarea><\/span> <\/label>\n<\/p>\n<p><input class=\"wpcf7-form-control wpcf7-submit has-spinner\" type=\"submit\" value=\"Skicka in\" \/>\n<\/p><div class=\"wpcf7-response-output\" aria-hidden=\"true\"><\/div>\n<input type=\"hidden\" name=\"trp-form-language\" value=\"sv\"\/><\/form>\n<\/div>\n<\/div>\n<\/div>\n\n\n\n<div class=\"wp-block-group alignfull has-ast-global-color-7-background-color has-background is-layout-constrained wp-container-core-group-is-layout-2 wp-block-group-is-layout-constrained\" id=\"reviews\">\n<div style=\"height:7px\" aria-hidden=\"true\" class=\"wp-block-spacer\"><\/div>\n\n\n\n<blockquote class=\"wp-block-quote is-layout-flow wp-block-quote-is-layout-flow\">\n<p class=\"has-text-align-center\">\"Jag kan inte ens f\u00f6rest\u00e4lla mig att inte ha Clinic2Lab som en del av mina dagliga arbetsuppgifter p\u00e5 kliniken. Tack vare systemet beh\u00f6ver jag inte l\u00e4ngre f\u00f6rlita mig p\u00e5 manuella processer och mina egna tolkningar av handskrivna best\u00e4llningsformul\u00e4r.\"<\/p>\n\n\n\n<p class=\"has-text-align-center\"><strong>Ann Hentze<\/strong><br>Klinisk assistent, Tandl\u00e6geklinikken Blomstervang<\/p>\n<\/blockquote>\n<\/div>\n\n\n\n<div class=\"wp-block-group alignfull is-layout-constrained wp-container-core-group-is-layout-3 wp-block-group-is-layout-constrained\" id=\"whyus\" style=\"padding-top:144px;padding-bottom:144px\">\n<h2 class=\"wp-block-heading has-text-align-center\">Varf\u00f6r v\u00e4lja Clinic2Lab<\/h2>\n\n\n\n<p class=\"has-text-align-center\">Genom att implementera Clinic2Lab i ditt dagliga arbete beh\u00f6ver du inte l\u00e4ngre oroa dig f\u00f6r att tolka handskrivna orderformul\u00e4r eller leta upp kund- och orderinformation i m\u00e5nga olika system. Clinic2Lab ger dig en total \u00f6verblick \u00f6ver dina aktuella och slutf\u00f6rda best\u00e4llningar, s\u00e5 att du kan fokusera p\u00e5 att uppfylla eller \u00f6vertr\u00e4ffa kundernas f\u00f6rv\u00e4ntningar.<\/p>\n\n\n\n<div style=\"height:16px\" aria-hidden=\"true\" class=\"wp-block-spacer\"><\/div>\n\n\n\n<div class=\"wp-block-columns is-layout-flex wp-container-core-columns-is-layout-1 wp-block-columns-is-layout-flex\" style=\"margin-top:60px\">\n<div class=\"wp-block-column is-layout-flow wp-container-core-column-is-layout-1 wp-block-column-is-layout-flow\">\n<figure class=\"wp-block-image aligncenter size-full is-resized\"><img decoding=\"async\" src=\"https:\/\/clinic2lab.dk\/wp-content\/uploads\/2024\/10\/Professional.png\" alt=\"\" class=\"wp-image-226\" style=\"width:69px;height:auto\"\/><\/figure>\n\n\n\n<h3 class=\"wp-block-heading has-text-align-center\" style=\"margin-top:16px\">Utformad f\u00f6r att passa dina behov<\/h3>\n\n\n\n<p class=\"has-text-align-center\">Den digitala Clinic2Lab-plattformen har utformats f\u00f6r och av h\u00f6gkvalificerade protetikproffs. Systemet \u00e4r skr\u00e4ddarsytt f\u00f6r att effektivisera samarbetet mellan tandl\u00e4karkliniker och protetiklaboratorier.<\/p>\n<\/div>\n\n\n\n<div class=\"wp-block-column is-layout-flow wp-container-core-column-is-layout-2 wp-block-column-is-layout-flow\">\n<figure class=\"wp-block-image aligncenter size-full is-resized\"><img decoding=\"async\" src=\"https:\/\/clinic2lab.dk\/wp-content\/uploads\/2024\/10\/Process.png\" alt=\"\" class=\"wp-image-227\" style=\"width:71px;height:auto\"\/><\/figure>\n\n\n\n<h3 class=\"wp-block-heading has-text-align-center\" style=\"margin-top:16px\">Optimalt processfl\u00f6de<\/h3>\n\n\n\n<p class=\"has-text-align-center\">Tack vare onlineplattformen kommer du att uppleva ett smidigt och korrekt orderfl\u00f6de fr\u00e5n b\u00f6rjan till slut. P\u00e5 s\u00e5 s\u00e4tt kommer du aldrig att f\u00f6rlora \u00f6verblicken \u00f6ver dina best\u00e4llningar.<\/p>\n<\/div>\n\n\n\n<div class=\"wp-block-column is-layout-flow wp-container-core-column-is-layout-3 wp-block-column-is-layout-flow\">\n<figure class=\"wp-block-image aligncenter size-full is-resized\"><img decoding=\"async\" src=\"https:\/\/clinic2lab.dk\/wp-content\/uploads\/2024\/10\/Support.png\" alt=\"\" class=\"wp-image-228\" style=\"width:68px;height:auto\"\/><\/figure>\n\n\n\n<h3 class=\"wp-block-heading has-text-align-center\" style=\"margin-top:16px\">St\u00f6d<\/h3>\n\n\n\n<p class=\"has-text-align-center\">Du beh\u00f6ver inte oroa dig. V\u00e5rt supportteam finns alltid till hands f\u00f6r att hj\u00e4lpa dig om det beh\u00f6vs. Clinic2Lab inneh\u00e5ller ocks\u00e5 en rad tips och tricks f\u00f6r smartare arbete.<\/p>\n<\/div>\n<\/div>\n<\/div>\n\n\n\n<p><\/p>","protected":false},"excerpt":{"rendered":"<p>Free Clinic2Lab demo Want to know if Clinic2Lab could be the laboratory system for you? Fill in the form below [&hellip;]<\/p>\n","protected":false},"author":1,"featured_media":0,"parent":0,"menu_order":0,"comment_status":"closed","ping_status":"closed","template":"","meta":{"om_disable_all_campaigns":false,"site-sidebar-layout":"default","site-content-layout":"","ast-site-content-layout":"","site-content-style":"default","site-sidebar-style":"default","ast-global-header-display":"","ast-banner-title-visibility":"","ast-main-header-display":"","ast-hfb-above-header-display":"","ast-hfb-below-header-display":"","ast-hfb-mobile-header-display":"","site-post-title":"disabled","ast-breadcrumbs-content":"","ast-featured-img":"","footer-sml-layout":"","theme-transparent-header-meta":"","adv-header-id-meta":"","stick-header-meta":"","header-above-stick-meta":"","header-main-stick-meta":"","header-below-stick-meta":"","astra-migrate-meta-layouts":"default","ast-page-background-enabled":"default","ast-page-background-meta":{"desktop":{"background-color":"var(--ast-global-color-4)","background-image":"","background-repeat":"repeat","background-position":"center center","background-size":"auto","background-attachment":"scroll","background-type":"","background-media":"","overlay-type":"","overlay-color":"","overlay-opacity":"","overlay-gradient":""},"tablet":{"background-color":"","background-image":"","background-repeat":"repeat","background-position":"center center","background-size":"auto","background-attachment":"scroll","background-type":"","background-media":"","overlay-type":"","overlay-color":"","overlay-opacity":"","overlay-gradient":""},"mobile":{"background-color":"","background-image":"","background-repeat":"repeat","background-position":"center center","background-size":"auto","background-attachment":"scroll","background-type":"","background-media":"","overlay-type":"","overlay-color":"","overlay-opacity":"","overlay-gradient":""}},"ast-content-background-meta":{"desktop":{"background-color":"var(--ast-global-color-5)","background-image":"","background-repeat":"repeat","background-position":"center center","background-size":"auto","background-attachment":"scroll","background-type":"","background-media":"","overlay-type":"","overlay-color":"","overlay-opacity":"","overlay-gradient":""},"tablet":{"background-color":"var(--ast-global-color-5)","background-image":"","background-repeat":"repeat","background-position":"center center","background-size":"auto","background-attachment":"scroll","background-type":"","background-media":"","overlay-type":"","overlay-color":"","overlay-opacity":"","overlay-gradient":""},"mobile":{"background-color":"var(--ast-global-color-5)","background-image":"","background-repeat":"repeat","background-position":"center center","background-size":"auto","background-attachment":"scroll","background-type":"","background-media":"","overlay-type":"","overlay-color":"","overlay-opacity":"","overlay-gradient":""}},"footnotes":""},"class_list":["post-2941","page","type-page","status-publish","hentry"],"_links":{"self":[{"href":"https:\/\/clinic2lab.dk\/sv\/wp-json\/wp\/v2\/pages\/2941","targetHints":{"allow":["GET"]}}],"collection":[{"href":"https:\/\/clinic2lab.dk\/sv\/wp-json\/wp\/v2\/pages"}],"about":[{"href":"https:\/\/clinic2lab.dk\/sv\/wp-json\/wp\/v2\/types\/page"}],"author":[{"embeddable":true,"href":"https:\/\/clinic2lab.dk\/sv\/wp-json\/wp\/v2\/users\/1"}],"replies":[{"embeddable":true,"href":"https:\/\/clinic2lab.dk\/sv\/wp-json\/wp\/v2\/comments?post=2941"}],"version-history":[{"count":5,"href":"https:\/\/clinic2lab.dk\/sv\/wp-json\/wp\/v2\/pages\/2941\/revisions"}],"predecessor-version":[{"id":2970,"href":"https:\/\/clinic2lab.dk\/sv\/wp-json\/wp\/v2\/pages\/2941\/revisions\/2970"}],"wp:attachment":[{"href":"https:\/\/clinic2lab.dk\/sv\/wp-json\/wp\/v2\/media?parent=2941"}],"curies":[{"name":"wp","href":"https:\/\/api.w.org\/{rel}","templated":true}]}}